{"id":106928,"date":"2019-07-26T07:56:48","date_gmt":"2019-07-26T05:56:48","guid":{"rendered":"https:\/\/cdiffprom.ch\/produit\/wasserdichte-und-sichere-clic-clac-rahmen\/"},"modified":"2019-07-26T07:56:48","modified_gmt":"2019-07-26T05:56:48","slug":"wasserdichte-und-sichere-clic-clac-rahmen","status":"publish","type":"product","link":"https:\/\/cdiffprom.ch\/de\/produit\/wasserdichte-und-sichere-clic-clac-rahmen\/","title":{"rendered":"Wasserdichte und sichere Clic-Clac-Rahmen"},"content":{"rendered":"<h3><strong><span style=\"color: #800000;\">Wasserdichte und sichere Clic-Clac-Rahmen<\/span><\/strong><\/h3>\n<p>Diese wasserdichten und sicheren Klapprahmen sind die ideale Grundlage, um Ihre verschiedenen Informationen zu pr\u00e4sentieren. Au\u00dferdem sind sie wetterfest und k\u00f6nnen an exponierten Orten aufgestellt werden. <\/p>\n<p>Dar\u00fcber hinaus k\u00f6nnen Sie diese Rahmen an verschiedenen Orten im Freien anbringen, wie z.B. an W\u00e4nden, Lieferfahrzeugen oder Geb\u00e4udefassaden.<\/p>\n<p>Au\u00dferdem k\u00f6nnen Sie die Plakate dank der Gesichts\u00f6ffnung leicht einf\u00fchren. Hierzu ben\u00f6tigen Sie den Hebel 214471, von dem Sie beim Kauf eines Rahmens ein St\u00fcck erhalten, und zwar in allen Gr\u00f6\u00dfen. <\/p>\n<p>Der Plexiglas-Schutz ist transparent, entspiegelt, halbsteif und unzerbrechlich.<\/p>\n<h4><strong><span style=\"color: #800000;\">Merkmale<\/span> <\/strong>:<\/h4>\n<ul>\n<li>Rahmen Typ Clic-Clac<\/li>\n<li>Dicke 35 oder 45 mm<\/li>\n<li>witterungsbest\u00e4ndig und mit einem Sicherheitssystem, das b\u00f6swilliges \u00d6ffnen verhindert<\/li>\n<li>robuste, naturfarben eloxierte Aluminiumprofile mit Boden aus verzinktem, rostfreiem Stahl<\/li>\n<li>mit 4 unsichtbaren Befestigungsleuchten auf der R\u00fcckseite<\/li>\n<li>alle Mengen und Sonderma\u00dfe auf Anfrage<\/li>\n<\/ul>\n<p><strong><span style=\"color: #800000;\">Vorschl\u00e4ge f\u00fcr die Verwendung :<\/span><\/strong><\/p>\n<p>Diese Rahmen sind ideal f\u00fcr Gemeinden, die z.B. Pr\u00e4ventionsinformationen aush\u00e4ngen m\u00f6chten.<\/p>\n<p>Sie sind auch sehr n\u00fctzlich f\u00fcr Kinos, um die Besucher z.B. \u00fcber bestimmte \u00d6ffnungszeiten zu informieren.<\/p>\n<p>Wenn Sie weitere Informationen w\u00fcnschen, z\u00f6gern Sie bitte nicht, mit uns Kontakt aufzunehmen. <span style=\"color: #800000;\"><a style=\"color: #800000;\" href=\"https:\/\/cdiffprom.ch\/elements\/contactez-nous\/\">kontaktieren Sie uns bitte.<\/a><\/span>Wir werden eine L\u00f6sung finden, die Ihren Bed\u00fcrfnissen entspricht.<\/p>\n<p>&nbsp;<\/p>\n<p>&nbsp;<\/p>\n<p>&nbsp;<\/p>\n","protected":false},"excerpt":{"rendered":"<p>F\u00fcr die Installation im Freien, an jedem Ort, auch bei Wind<\/p>\n","protected":false},"featured_media":102146,"template":"","meta":{"slim_seo":{"title":"Wasserdichte und sichere Clic-Clac-Rahmen - Suisse - C.Diff-Prom","description":"F\u00fcr die Installation im Freien, an jedem Ort, auch bei Wind"}},"product_brand":[],"product_cat":[6570,6342,6339],"product_tag":[6764,6573],"class_list":{"0":"post-106928","1":"product","2":"type-product","3":"status-publish","4":"has-post-thumbnail","6":"product_cat-100-wasserdicht","7":"product_cat-anzeige","8":"product_cat-plakatrahmen","9":"product_tag-100-wasserdicht-waterproof","10":"product_tag-wandklapprahmen-mit-klick-klack-funktion","11":"pa_dimensions-100-x-140-cm-de","12":"pa_dimensions-120-x-160-cm-de","13":"pa_dimensions-60-x-160-cm-de","14":"pa_dimensions-60-x-80-cm-de","15":"pa_dimensions-70-x-100-cm-de","16":"pa_dimensions-80-x-120-cm-de","17":"pa_dimensions-a2-42-x-594-cm-de","18":"pa_dimensions-a3-297-x-42-cm-de","20":"first","21":"instock","22":"taxable","23":"shipping-taxable","24":"purchasable","25":"product-type-variable"},"_links":{"self":[{"href":"https:\/\/cdiffprom.ch\/de\/wp-json\/wp\/v2\/product\/106928","targetHints":{"allow":["GET"]}}],"collection":[{"href":"https:\/\/cdiffprom.ch\/de\/wp-json\/wp\/v2\/product"}],"about":[{"href":"https:\/\/cdiffprom.ch\/de\/wp-json\/wp\/v2\/types\/product"}],"wp:featuredmedia":[{"embeddable":true,"href":"https:\/\/cdiffprom.ch\/de\/wp-json\/wp\/v2\/media\/102146"}],"wp:attachment":[{"href":"https:\/\/cdiffprom.ch\/de\/wp-json\/wp\/v2\/media?parent=106928"}],"wp:term":[{"taxonomy":"product_brand","embeddable":true,"href":"https:\/\/cdiffprom.ch\/de\/wp-json\/wp\/v2\/product_brand?post=106928"},{"taxonomy":"product_cat","embeddable":true,"href":"https:\/\/cdiffprom.ch\/de\/wp-json\/wp\/v2\/product_cat?post=106928"},{"taxonomy":"product_tag","embeddable":true,"href":"https:\/\/cdiffprom.ch\/de\/wp-json\/wp\/v2\/product_tag?post=106928"}],"curies":[{"name":"wp","href":"https:\/\/api.w.org\/{rel}","templated":true}]}}