{"id":106936,"date":"2019-07-26T07:52:31","date_gmt":"2019-07-26T05:52:31","guid":{"rendered":"https:\/\/cdiffprom.ch\/produit\/set-mit-2-kabelhaken\/"},"modified":"2019-07-26T07:52:31","modified_gmt":"2019-07-26T05:52:31","slug":"set-mit-2-kabelhaken","status":"publish","type":"product","link":"https:\/\/cdiffprom.ch\/de\/produit\/set-mit-2-kabelhaken\/","title":{"rendered":"Set mit 2 Kabelhaken"},"content":{"rendered":"<ul>\n<li>Verwendung an verschiedenen Orten: Ausstellungsraum, Empfangshalle, Gesch\u00e4ft, Hotel, Restaurant 2 Sicherheitshaken f\u00fcr Kabel, die an der gew\u00fcnschten Stelle am Kabel gleiten und sich selbst arretieren.<\/li>\n<\/ul>\n","protected":false},"excerpt":{"rendered":"<p>Bilderrahmen, System zum Aufh\u00e4ngen von Rahmen und W\u00e4nden<\/p>\n","protected":false},"featured_media":102140,"template":"","meta":{"slim_seo":{"title":"Set mit 2 Kabelhaken - Suisse - C.Diff-Prom","description":"Bilderrahmen, System zum Aufh\u00e4ngen von Rahmen und W\u00e4nden"}},"product_brand":[],"product_cat":[6342,6756],"product_tag":[6757],"class_list":{"0":"post-106936","1":"product","2":"type-product","3":"status-publish","4":"has-post-thumbnail","6":"product_cat-anzeige","7":"product_cat-aufhaengen-von-gemaelden","8":"product_tag-aufhaengen-von-gemaelden","10":"first","11":"instock","12":"taxable","13":"shipping-taxable","14":"purchasable","15":"product-type-simple"},"_links":{"self":[{"href":"https:\/\/cdiffprom.ch\/de\/wp-json\/wp\/v2\/product\/106936","targetHints":{"allow":["GET"]}}],"collection":[{"href":"https:\/\/cdiffprom.ch\/de\/wp-json\/wp\/v2\/product"}],"about":[{"href":"https:\/\/cdiffprom.ch\/de\/wp-json\/wp\/v2\/types\/product"}],"wp:featuredmedia":[{"embeddable":true,"href":"https:\/\/cdiffprom.ch\/de\/wp-json\/wp\/v2\/media\/102140"}],"wp:attachment":[{"href":"https:\/\/cdiffprom.ch\/de\/wp-json\/wp\/v2\/media?parent=106936"}],"wp:term":[{"taxonomy":"product_brand","embeddable":true,"href":"https:\/\/cdiffprom.ch\/de\/wp-json\/wp\/v2\/product_brand?post=106936"},{"taxonomy":"product_cat","embeddable":true,"href":"https:\/\/cdiffprom.ch\/de\/wp-json\/wp\/v2\/product_cat?post=106936"},{"taxonomy":"product_tag","embeddable":true,"href":"https:\/\/cdiffprom.ch\/de\/wp-json\/wp\/v2\/product_tag?post=106936"}],"curies":[{"name":"wp","href":"https:\/\/api.w.org\/{rel}","templated":true}]}}