{"id":106941,"date":"2019-07-26T07:52:31","date_gmt":"2019-07-26T05:52:31","guid":{"rendered":"https:\/\/cdiffprom.ch\/produit\/quadratische-stange-fuer-bilderrahmen\/"},"modified":"2019-07-26T07:52:31","modified_gmt":"2019-07-26T05:52:31","slug":"quadratische-stange-fuer-bilderrahmen","status":"publish","type":"product","link":"https:\/\/cdiffprom.ch\/de\/produit\/quadratische-stange-fuer-bilderrahmen\/","title":{"rendered":"Quadratische Stange f\u00fcr Bilderrahmen"},"content":{"rendered":"<ul>\n<li>Obere Form, die sich nicht von der Schiene l\u00f6sen l\u00e4sst Zur Verwendung mit selbstblockierenden Haken f\u00fcr Stangen 250005 2 Farben: Alu natur oder Alu wei\u00df lackiert<\/li>\n<li>Zul\u00e4ssige Belastung 25 kg<\/li>\n<li>L\u00e4nge 150 cm<\/li>\n<\/ul>\n","protected":false},"excerpt":{"rendered":"<p>Zum Aufh\u00e4ngen auf horizontalen Schienen<\/p>\n","protected":false},"featured_media":102138,"template":"","meta":{"slim_seo":{"title":"Quadratische Stange f\u00fcr Bilderrahmen - Suisse - C.Diff-Prom","description":"Zum Aufh\u00e4ngen auf horizontalen Schienen"}},"product_brand":[],"product_cat":[6342,6660],"product_tag":[6757],"class_list":{"0":"post-106941","1":"product","2":"type-product","3":"status-publish","4":"has-post-thumbnail","6":"product_cat-anzeige","7":"product_cat-zubehoer-fuer-die-befestigung","8":"product_tag-aufhaengen-von-gemaelden","9":"pa_couleurs-alu-natur","10":"pa_couleurs-weiss-lackiert","12":"first","13":"instock","14":"taxable","15":"shipping-taxable","16":"purchasable","17":"product-type-variable"},"_links":{"self":[{"href":"https:\/\/cdiffprom.ch\/de\/wp-json\/wp\/v2\/product\/106941","targetHints":{"allow":["GET"]}}],"collection":[{"href":"https:\/\/cdiffprom.ch\/de\/wp-json\/wp\/v2\/product"}],"about":[{"href":"https:\/\/cdiffprom.ch\/de\/wp-json\/wp\/v2\/types\/product"}],"wp:featuredmedia":[{"embeddable":true,"href":"https:\/\/cdiffprom.ch\/de\/wp-json\/wp\/v2\/media\/102138"}],"wp:attachment":[{"href":"https:\/\/cdiffprom.ch\/de\/wp-json\/wp\/v2\/media?parent=106941"}],"wp:term":[{"taxonomy":"product_brand","embeddable":true,"href":"https:\/\/cdiffprom.ch\/de\/wp-json\/wp\/v2\/product_brand?post=106941"},{"taxonomy":"product_cat","embeddable":true,"href":"https:\/\/cdiffprom.ch\/de\/wp-json\/wp\/v2\/product_cat?post=106941"},{"taxonomy":"product_tag","embeddable":true,"href":"https:\/\/cdiffprom.ch\/de\/wp-json\/wp\/v2\/product_tag?post=106941"}],"curies":[{"name":"wp","href":"https:\/\/api.w.org\/{rel}","templated":true}]}}