{"id":106951,"date":"2019-07-26T07:56:46","date_gmt":"2019-07-26T05:56:46","guid":{"rendered":"https:\/\/cdiffprom.ch\/produit\/wasserdichte-alu-plakatrahmen\/"},"modified":"2019-07-26T07:56:46","modified_gmt":"2019-07-26T05:56:46","slug":"wasserdichte-alu-plakatrahmen","status":"publish","type":"product","link":"https:\/\/cdiffprom.ch\/de\/produit\/wasserdichte-alu-plakatrahmen\/","title":{"rendered":"Wasserdichte Alu-Plakatrahmen"},"content":{"rendered":"<h3><span style=\"color: #800000;\"><strong>Wasserdichte Alu-Plakatrahmen<\/strong><\/span><\/h3>\n<p>Diese wasserdichten Alu-Plakatrahmen finden leicht ihren Platz in Ihrem Aushangbereich.<\/p>\n<p>Wenn Sie W\u00e4nde haben, die starkem Regen ausgesetzt sind, sorgen unsere wasserdichten Plakatrahmen daf\u00fcr, dass Ihre Poster trocken bleiben.<\/p>\n<p>Die Dichtung funktioniert nach dem Clic-Clac-Prinzip und wird \u00fcber den gesamten Umfang des Rahmens v\u00f6llig unsichtbar angebracht.<\/p>\n<h4><span style=\"color: #800000;\"><strong>Merkmale :<\/strong><\/span><\/h4>\n<ul>\n<li>Verwendung auch in Innenr\u00e4umen<\/li>\n<li>Rahmen aus naturfarbenem eloxiertem Aluminium mit umklappbaren Profilen und Ecken mit 90\u00b0 rechten Winkel.<\/li>\n<li>Schutz aus transparentem, entspiegeltem Plexiglas<\/li>\n<li>extraflache Rahmen mit einer Gesamtdicke von 17 mm, Profilbreite 25 und 35 mm, Verwendung im Hoch- oder Querformat<\/li>\n<li>wasserdicht durch integrierte Dichtung<\/li>\n<li>unsichtbare 4-Punkt-Wandbefestigung (Schrauben werden mitgeliefert)<\/li>\n<\/ul>\n<h4><strong><span style=\"color: #800000;\">Lieferbedingungen :<br \/>\n<\/span><\/strong><\/h4>\n<p>Alle unsere Produkte sind innerhalb von 10 Tagen nach Eingang Ihrer Bestellung lieferbar. Bitte z\u00f6gern Sie nicht, uns zu kontaktieren. <u><a href=\"https:\/\/cdiffprom.ch\/elements\/contactez-nous\/\">uns zu kontaktieren.<\/a><\/u> Wenn Sie einen dringenderen Bedarf haben, k\u00f6nnen wir Ihnen immer eine schnellere L\u00f6sung anbieten. <\/p>\n<p>Einige Artikel k\u00f6nnen eine l\u00e4ngere Lieferzeit in Anspruch nehmen, da sie nicht auf Lager unseres Lieferanten sind. In diesem Fall werden Sie nach Eingang Ihrer Bestellung benachrichtigt. <\/p>\n<p>Wir liefern versandkostenfrei ab einem Bestellwert von CHF. 500.-. Unterhalb dieses Betrags wird eine Pauschale von CHF. 15,90 zu entrichten. <\/p>\n<p>Bei allen Online-Bestellungen f\u00fchren wir immer einen Telefonanruf durch, um sicherzustellen, dass Sie das richtige Produkt f\u00fcr Ihre Bed\u00fcrfnisse ausgew\u00e4hlt haben. So k\u00f6nnen Sie sicher sein, dass Sie die richtige Wahl treffen. <\/p>\n<p>Bitte beachten Sie, dass die Promo-Codes nicht kumulierbar sind und der Rabatt auf Ihrer Bestellung sichtbar ist.<\/p>\n","protected":false},"excerpt":{"rendered":"<p>F\u00fcr eine sichere Au\u00dfenwerbung! Rahmen von A5 bis A0 <\/p>\n","protected":false},"featured_media":101744,"template":"","meta":{"slim_seo":{"title":"Wasserdichte Alu-Plakatrahmen - Suisse - C.Diff-Prom","description":"F\u00fcr eine sichere Au\u00dfenwerbung! Rahmen von A5 bis A0"}},"product_brand":[],"product_cat":[6570,6342,6339],"product_tag":[6764,6573],"class_list":{"0":"post-106951","1":"product","2":"type-product","3":"status-publish","4":"has-post-thumbnail","6":"product_cat-100-wasserdicht","7":"product_cat-anzeige","8":"product_cat-plakatrahmen","9":"product_tag-100-wasserdicht-waterproof","10":"product_tag-wandklapprahmen-mit-klick-klack-funktion","11":"pa_dimensions-50-x-70cm-de","12":"pa_dimensions-60-x-80-cm-de","13":"pa_dimensions-80-x-120-cm-de","14":"pa_dimensions-a0-84-x-118-8-cm-de","15":"pa_dimensions-a1-594-x-84-cm-de","16":"pa_dimensions-a2-42-x-594-cm-de","17":"pa_dimensions-a3-297-x-42-cm-de","18":"pa_dimensions-a4-21-x-297-cm-de","19":"pa_dimensions-a5-14-8-x-21-cm-de","21":"first","22":"instock","23":"taxable","24":"shipping-taxable","25":"purchasable","26":"product-type-variable"},"_links":{"self":[{"href":"https:\/\/cdiffprom.ch\/de\/wp-json\/wp\/v2\/product\/106951","targetHints":{"allow":["GET"]}}],"collection":[{"href":"https:\/\/cdiffprom.ch\/de\/wp-json\/wp\/v2\/product"}],"about":[{"href":"https:\/\/cdiffprom.ch\/de\/wp-json\/wp\/v2\/types\/product"}],"wp:featuredmedia":[{"embeddable":true,"href":"https:\/\/cdiffprom.ch\/de\/wp-json\/wp\/v2\/media\/101744"}],"wp:attachment":[{"href":"https:\/\/cdiffprom.ch\/de\/wp-json\/wp\/v2\/media?parent=106951"}],"wp:term":[{"taxonomy":"product_brand","embeddable":true,"href":"https:\/\/cdiffprom.ch\/de\/wp-json\/wp\/v2\/product_brand?post=106951"},{"taxonomy":"product_cat","embeddable":true,"href":"https:\/\/cdiffprom.ch\/de\/wp-json\/wp\/v2\/product_cat?post=106951"},{"taxonomy":"product_tag","embeddable":true,"href":"https:\/\/cdiffprom.ch\/de\/wp-json\/wp\/v2\/product_tag?post=106951"}],"curies":[{"name":"wp","href":"https:\/\/api.w.org\/{rel}","templated":true}]}}