{"id":106966,"date":"2019-07-26T11:46:25","date_gmt":"2019-07-26T09:46:25","guid":{"rendered":"https:\/\/cdiffprom.ch\/produit\/deko-rahmen-7-farben\/"},"modified":"2019-07-26T11:46:25","modified_gmt":"2019-07-26T09:46:25","slug":"deko-rahmen-7-farben","status":"publish","type":"product","link":"https:\/\/cdiffprom.ch\/de\/produit\/deko-rahmen-7-farben\/","title":{"rendered":"Deko-Rahmen 7 Farben"},"content":{"rendered":"<h3><span style=\"color: #800000;\"><strong>Deko-Rahmen 7 Farben<\/strong><\/span><\/h3>\n<p>Diese Deko-Rahmen in 7 Farben finden leicht ihren Platz in Ihrem Aushangbereich.<\/p>\n<h4><span style=\"color: #800000;\"><strong>Merkmale<\/strong><\/span> :<\/h4>\n<ul>\n<li>\u00d6ffnung von hinten.<\/li>\n<li>Rahmen aus hochfestem, pulverbeschichtetem Aluminium, St\u00e4rke 2,2 cm <\/li>\n<li>Unzerbrechliches organisches Glas mit Anti-UV-Beschichtung 1 Seite gl\u00e4nzend 1 Seite entspiegelt<\/li>\n<li>3 mm sehr steifer Mediumboden<\/li>\n<li>Laden von Postern von hinten<\/li>\n<li>Befestigungs- und Aufh\u00e4ngeclips auf der R\u00fcckseite, f\u00fcr Hoch- und Querformat.<\/li>\n<\/ul>\n<p><strong>Lieferbedingungen<\/strong><\/p>\n<p>Alle unsere Produkte sind innerhalb von 10 Tagen nach Eingang Ihrer Bestellung lieferbar. Bitte z\u00f6gern Sie nicht, uns zu kontaktieren. <u><a href=\"https:\/\/cdiffprom.ch\/elements\/contactez-nous\/\">uns zu kontaktieren.<\/a><\/u> Wenn Sie einen dringenderen Bedarf haben, k\u00f6nnen wir Ihnen immer eine schnellere L\u00f6sung anbieten. <\/p>\n<p>Einige Artikel k\u00f6nnen eine l\u00e4ngere Lieferzeit in Anspruch nehmen, da sie nicht auf Lager unseres Lieferanten sind. In diesem Fall werden Sie nach Eingang Ihrer Bestellung benachrichtigt. <\/p>\n<p>Wir liefern versandkostenfrei ab einem Bestellwert von CHF. 500.-. Unterhalb dieses Betrags wird eine Pauschale von CHF. 15,90 zu entrichten. <\/p>\n<p>Bei allen Online-Bestellungen f\u00fchren wir immer einen Telefonanruf durch, um sicherzustellen, dass Sie das richtige Produkt f\u00fcr Ihre Bed\u00fcrfnisse ausgew\u00e4hlt haben. So k\u00f6nnen Sie sicher sein, dass Sie die richtige Wahl treffen. <\/p>\n<p>Bitte beachten Sie, dass die Promo-Codes nicht kumulierbar sind und der Rabatt auf Ihrer Bestellung sichtbar ist.<\/p>\n","protected":false},"excerpt":{"rendered":"<p>Gestalten und dekorieren Sie Ihre Arbeits- und Empfangsbereiche! 12 Formate und 7 Farben erh\u00e4ltlich. <\/p>\n","protected":false},"featured_media":103734,"template":"","meta":{"slim_seo":{"title":"Deko-Rahmen 7 Farben - Suisse - C.Diff-Prom","description":"Gestalten und dekorieren Sie Ihre Arbeits- und Empfangsbereiche! 12 Formate und 7 Farben erh\u00e4ltlich."}},"product_brand":[],"product_cat":[6342,6339],"product_tag":[6572],"class_list":{"0":"post-106966","1":"product","2":"type-product","3":"status-publish","4":"has-post-thumbnail","6":"product_cat-anzeige","7":"product_cat-plakatrahmen","8":"product_tag-wandfarbrahmen","9":"pa_couleurs-blau","10":"pa_couleurs-eloxiertes-alu","11":"pa_couleurs-golden","12":"pa_couleurs-rot","13":"pa_couleurs-schwarz","14":"pa_couleurs-verchromt","15":"pa_couleurs-weis","17":"first","18":"instock","19":"taxable","20":"shipping-taxable","21":"purchasable","22":"product-type-variable"},"_links":{"self":[{"href":"https:\/\/cdiffprom.ch\/de\/wp-json\/wp\/v2\/product\/106966","targetHints":{"allow":["GET"]}}],"collection":[{"href":"https:\/\/cdiffprom.ch\/de\/wp-json\/wp\/v2\/product"}],"about":[{"href":"https:\/\/cdiffprom.ch\/de\/wp-json\/wp\/v2\/types\/product"}],"wp:featuredmedia":[{"embeddable":true,"href":"https:\/\/cdiffprom.ch\/de\/wp-json\/wp\/v2\/media\/103734"}],"wp:attachment":[{"href":"https:\/\/cdiffprom.ch\/de\/wp-json\/wp\/v2\/media?parent=106966"}],"wp:term":[{"taxonomy":"product_brand","embeddable":true,"href":"https:\/\/cdiffprom.ch\/de\/wp-json\/wp\/v2\/product_brand?post=106966"},{"taxonomy":"product_cat","embeddable":true,"href":"https:\/\/cdiffprom.ch\/de\/wp-json\/wp\/v2\/product_cat?post=106966"},{"taxonomy":"product_tag","embeddable":true,"href":"https:\/\/cdiffprom.ch\/de\/wp-json\/wp\/v2\/product_tag?post=106966"}],"curies":[{"name":"wp","href":"https:\/\/api.w.org\/{rel}","templated":true}]}}