{"id":106967,"date":"2019-07-26T07:56:47","date_gmt":"2019-07-26T05:56:47","guid":{"rendered":"https:\/\/cdiffprom.ch\/produit\/visual-klick-rahmen\/"},"modified":"2019-07-26T07:56:47","modified_gmt":"2019-07-26T05:56:47","slug":"visual-klick-rahmen","status":"publish","type":"product","link":"https:\/\/cdiffprom.ch\/de\/produit\/visual-klick-rahmen\/","title":{"rendered":"Visual-Klick-Rahmen"},"content":{"rendered":"<h3><strong><span style=\"color: #800000;\">Visual-Klick-Rahmen<\/span><\/strong><\/h3>\n<p>Diese Klickrahmen sind extra flach und eignen sich daher f\u00fcr alle Ihre verschiedenen Displays.<\/p>\n<h4><span style=\"color: #800000;\"><strong>Merkmale<\/strong><\/span><\/h4>\n<ul>\n<li>Typ Clic-Clac, Aluminiumprofile auf 4 Seiten abklappbar<\/li>\n<li>leicht abgerundete Ecken<\/li>\n<li>Boden aus hartem, geformtem Kunststoff, Schutz aus entspiegeltem Plexiglas, L\u00f6cher f\u00fcr Wandbefestigung<\/li>\n<li>Formate A4, A3, A2 und A1 nur zur Wandbefestigung, Schrauben und D\u00fcbel werden mitgeliefert<\/li>\n<\/ul>\n<p>Die Modelle 214226, 214225 und 214224 verf\u00fcgen au\u00dferdem \u00fcber einen abnehmbaren Kippfu\u00df. Dadurch k\u00f6nnen sie auf einem Tisch, einer Theke oder in einer Vitrine aufgestellt werden. <\/p>\n<p>Sie k\u00f6nnen diese Rahmen entweder im Hoch- oder im Querformat aufstellen.<\/p>\n<p><span style=\"color: #800000;\"><strong>Lieferbedingungen<\/strong><\/span><\/p>\n<p>Alle unsere Produkte sind innerhalb von 10 Tagen nach Eingang Ihrer Bestellung lieferbar. Bitte z\u00f6gern Sie nicht, uns zu kontaktieren. <span style=\"color: #800000;\"><u><a style=\"color: #800000;\" href=\"https:\/\/cdiffprom.ch\/elements\/contactez-nous\/\">uns zu kontaktieren.<\/a><\/u><\/span> Wenn Sie einen dringenderen Bedarf haben, k\u00f6nnen wir Ihnen immer eine schnellere L\u00f6sung anbieten. <\/p>\n<p>Einige Artikel k\u00f6nnen eine l\u00e4ngere Lieferzeit in Anspruch nehmen, da sie nicht auf Lager unseres Lieferanten sind. In diesem Fall werden Sie nach Eingang Ihrer Bestellung benachrichtigt. <\/p>\n<p>Wir liefern versandkostenfrei ab einem Bestellwert von CHF. 500.-. Unterhalb dieses Betrags wird eine Pauschale von CHF. 15,90 zu entrichten. <\/p>\n<p>Bei allen Online-Bestellungen f\u00fchren wir immer einen Telefonanruf durch, um sicherzustellen, dass Sie das richtige Produkt f\u00fcr Ihre Bed\u00fcrfnisse ausgew\u00e4hlt haben. So k\u00f6nnen Sie sicher sein, dass Sie die richtige Wahl treffen. <\/p>\n<p>Bitte beachten Sie, dass die Promo-Codes nicht kumulierbar sind und der Rabatt auf Ihrer Bestellung sichtbar ist.<\/p>\n<p>&nbsp;<\/p>\n<p>&nbsp;<\/p>\n","protected":false},"excerpt":{"rendered":"<p>F\u00fcgen Sie Ihre Poster, Plakate, Fotos, Anleitungen, Informationen&#8230; im Handumdrehen ein!<\/p>\n","protected":false},"featured_media":103740,"template":"","meta":{"slim_seo":{"title":"Visual-Klick-Rahmen - Suisse - C.Diff-Prom","description":"F\u00fcgen Sie Ihre Poster, Plakate, Fotos, Anleitungen, Informationen... im Handumdrehen ein!"}},"product_brand":[],"product_cat":[6342,6339],"product_tag":[6573],"class_list":{"0":"post-106967","1":"product","2":"type-product","3":"status-publish","4":"has-post-thumbnail","6":"product_cat-anzeige","7":"product_cat-plakatrahmen","8":"product_tag-wandklapprahmen-mit-klick-klack-funktion","9":"pa_dimensions-a0-84-x-118-8-cm-de","10":"pa_dimensions-a1-594-x-84-cm-de","11":"pa_dimensions-a2-42-x-594-cm-de","12":"pa_dimensions-a3-297-x-42-cm-de","13":"pa_dimensions-a4-21-x-297-cm-de","14":"pa_dimensions-a5-14-8-x-21-cm-de","15":"pa_dimensions-a6-169-x-126-mm-de","16":"pa_dimensions-b2-70-x-50-cm-de","18":"first","19":"instock","20":"taxable","21":"shipping-taxable","22":"purchasable","23":"product-type-variable"},"_links":{"self":[{"href":"https:\/\/cdiffprom.ch\/de\/wp-json\/wp\/v2\/product\/106967","targetHints":{"allow":["GET"]}}],"collection":[{"href":"https:\/\/cdiffprom.ch\/de\/wp-json\/wp\/v2\/product"}],"about":[{"href":"https:\/\/cdiffprom.ch\/de\/wp-json\/wp\/v2\/types\/product"}],"wp:featuredmedia":[{"embeddable":true,"href":"https:\/\/cdiffprom.ch\/de\/wp-json\/wp\/v2\/media\/103740"}],"wp:attachment":[{"href":"https:\/\/cdiffprom.ch\/de\/wp-json\/wp\/v2\/media?parent=106967"}],"wp:term":[{"taxonomy":"product_brand","embeddable":true,"href":"https:\/\/cdiffprom.ch\/de\/wp-json\/wp\/v2\/product_brand?post=106967"},{"taxonomy":"product_cat","embeddable":true,"href":"https:\/\/cdiffprom.ch\/de\/wp-json\/wp\/v2\/product_cat?post=106967"},{"taxonomy":"product_tag","embeddable":true,"href":"https:\/\/cdiffprom.ch\/de\/wp-json\/wp\/v2\/product_tag?post=106967"}],"curies":[{"name":"wp","href":"https:\/\/api.w.org\/{rel}","templated":true}]}}