{"id":106987,"date":"2019-07-26T11:47:30","date_gmt":"2019-07-26T09:47:30","guid":{"rendered":"https:\/\/cdiffprom.ch\/produit\/konferenzstaffelei-mit-rundem-fuss\/"},"modified":"2019-07-26T11:47:30","modified_gmt":"2019-07-26T09:47:30","slug":"konferenzstaffelei-mit-rundem-fuss","status":"publish","type":"product","link":"https:\/\/cdiffprom.ch\/de\/produit\/konferenzstaffelei-mit-rundem-fuss\/","title":{"rendered":"Konferenzstaffelei mit rundem Fu\u00df"},"content":{"rendered":"<h3><strong><span style=\"color: #800000;\">Konferenzstaffelei mit rundem Fu\u00df<\/span><br \/>\n<\/strong><\/h3>\n<p>Dieses Flipchart mit rundem Fu\u00df ist die ideale Ausr\u00fcstung f\u00fcr Ihre Konferenzen, Meetings und Seminare.<\/p>\n<p>Da dieses Modell mit 5 Rollen ausgestattet ist, kann es leicht bewegt werden.<\/p>\n<p>Die Tafel mit wei\u00dfem Hintergrund ist magnethaftend und kann mit trocken abwischbaren Stiften beschrieben werden.<\/p>\n<p>Er verf\u00fcgt \u00fcber einen verschiebbaren Papierblockhaken und ist f\u00fcr alle Papierformate bis zu einer maximalen Gr\u00f6\u00dfe von H 100 x B 70 cm geeignet.<\/p>\n<p><span style=\"color: #800000;\"><strong>Abmessungen :<\/strong><\/span><\/p>\n<ul>\n<li>h\u00f6henverstellbar bis 200 cm<\/li>\n<li>Gewicht 13 kg<\/li>\n<\/ul>\n<h4><span style=\"color: #800000;\"><strong>Lieferbedingungen<\/strong><\/span><\/h4>\n<p>Zu Ihrer Information: Nach Eingang Ihres Auftrags sind unsere Produkte innerhalb von etwa zehn Tagen lieferbar.<\/p>\n<p>Z\u00f6gern Sie nicht <u><a href=\"https:\/\/cdiffprom.ch\/elements\/contactez-nous\/\"><span style=\"color: #800000;\"><strong>uns zu kontaktieren.<\/strong><\/span><\/a><\/u> Wenn Sie einen dringenderen Bedarf haben, k\u00f6nnen wir Ihnen immer eine schnellere L\u00f6sung anbieten.<\/p>\n<p>Wir sind auch gerne bereit, Ihnen Informationen \u00fcber Mengenrabatte zu geben.<\/p>\n<p>Einige Artikel k\u00f6nnen eine l\u00e4ngere Lieferzeit in Anspruch nehmen, da sie nicht auf Lager unseres Lieferanten sind. In diesem Fall werden Sie nach Eingang Ihrer Bestellung benachrichtigt. <\/p>\n<p>Wir liefern versandkostenfrei ab einem Bestellwert von CHF. 500.-. Unterhalb dieses Betrags wird eine Pauschale von CHF. 15,90 zu entrichten. <\/p>\n<p>Bei allen Online-Bestellungen f\u00fchren wir immer einen Telefonanruf durch, um sicherzustellen, dass Sie das richtige Produkt f\u00fcr Ihre Bed\u00fcrfnisse ausgew\u00e4hlt haben. So k\u00f6nnen Sie sicher sein, dass Sie die richtige Wahl treffen. <\/p>\n<p>Bitte beachten Sie, dass die Promo-Codes nicht kumulierbar sind und der Rabatt auf Ihrer Bestellung sichtbar ist.<\/p>\n","protected":false},"excerpt":{"rendered":"<p>Staffelei mit rundem Fu\u00df, 5 Rollen. Magnetische und abwischbare Tafel. Kann auch mit Papier bef\u00fcllt werden.  <\/p>\n","protected":false},"featured_media":102178,"template":"","meta":{"slim_seo":{"title":"Konferenzstaffelei mit rundem Fu\u00df - Suisse - C.Diff-Prom","description":"Staffelei mit rundem Fu\u00df, 5 Rollen. Magnetische und abwischbare Tafel. Kann auch mit Papier bef\u00fcllt werden."}},"product_brand":[],"product_cat":[6342,6350,6390,6671],"product_tag":[6768,6673],"class_list":{"0":"post-106987","1":"product","2":"type-product","3":"status-publish","4":"has-post-thumbnail","6":"product_cat-anzeige","7":"product_cat-flipcharts-fur-konferenzen","8":"product_cat-ranking","9":"product_cat-tafeln-plakate","10":"product_tag-konferenzstaffeleien","11":"product_tag-tafeln-plakate","13":"first","14":"instock","15":"taxable","16":"shipping-taxable","17":"purchasable","18":"product-type-simple"},"_links":{"self":[{"href":"https:\/\/cdiffprom.ch\/de\/wp-json\/wp\/v2\/product\/106987","targetHints":{"allow":["GET"]}}],"collection":[{"href":"https:\/\/cdiffprom.ch\/de\/wp-json\/wp\/v2\/product"}],"about":[{"href":"https:\/\/cdiffprom.ch\/de\/wp-json\/wp\/v2\/types\/product"}],"wp:featuredmedia":[{"embeddable":true,"href":"https:\/\/cdiffprom.ch\/de\/wp-json\/wp\/v2\/media\/102178"}],"wp:attachment":[{"href":"https:\/\/cdiffprom.ch\/de\/wp-json\/wp\/v2\/media?parent=106987"}],"wp:term":[{"taxonomy":"product_brand","embeddable":true,"href":"https:\/\/cdiffprom.ch\/de\/wp-json\/wp\/v2\/product_brand?post=106987"},{"taxonomy":"product_cat","embeddable":true,"href":"https:\/\/cdiffprom.ch\/de\/wp-json\/wp\/v2\/product_cat?post=106987"},{"taxonomy":"product_tag","embeddable":true,"href":"https:\/\/cdiffprom.ch\/de\/wp-json\/wp\/v2\/product_tag?post=106987"}],"curies":[{"name":"wp","href":"https:\/\/api.w.org\/{rel}","templated":true}]}}