{"id":106988,"date":"2019-07-26T11:47:30","date_gmt":"2019-07-26T09:47:30","guid":{"rendered":"https:\/\/cdiffprom.ch\/produit\/klassische-flipchart\/"},"modified":"2019-07-26T11:47:30","modified_gmt":"2019-07-26T09:47:30","slug":"klassische-flipchart","status":"publish","type":"product","link":"https:\/\/cdiffprom.ch\/de\/produit\/klassische-flipchart\/","title":{"rendered":"Klassische Flipchart"},"content":{"rendered":"<h3><span style=\"color: #800000;\"><strong>Klassische Flipchart<\/strong><\/span><\/h3>\n<p>Dieses klassische Flipchart ist die ideale Ausr\u00fcstung f\u00fcr Ihre Konferenzen, Meetings und Seminare.<\/p>\n<p>Die magnethaftende Tafel mit wei\u00dfem Hintergrund ist mit trocken abwischbaren Stiften beschreibbar. Au\u00dferdem ist sie mit einem verschiebbaren Flipchart-Haken ausgestattet. <\/p>\n<p>Eines der Modelle verf\u00fcgt \u00fcber zwei einklappbare Galgen, die eine gr\u00f6\u00dfere Kommunikation erm\u00f6glichen.<\/p>\n<h4><span style=\"color: #800000;\"><strong>Abmessungen :<\/strong><\/span><\/h4>\n<ul>\n<li>H\u00f6he einstellbar von 110 bis 186 cm<\/li>\n<li>Gewicht: zwischen 8 und 9 kg je nach Modell<\/li>\n<li>F\u00fcr maximales Papierformat H 100 x B 70 cm<\/li>\n<\/ul>\n<h4><strong><span style=\"color: #800000;\">Lieferbedingungen :<br \/>\n<\/span><\/strong><\/h4>\n<p>Zu Ihrer Information: Nach Eingang Ihres Auftrags sind unsere Produkte innerhalb von etwa zehn Tagen lieferbar.<\/p>\n<p>Z\u00f6gern Sie nicht <u><a href=\"https:\/\/cdiffprom.ch\/elements\/contactez-nous\/\"><span style=\"color: #800000;\"><strong>uns zu kontaktieren.<\/strong><\/span><\/a><\/u> Wenn Sie einen dringenderen Bedarf haben, k\u00f6nnen wir Ihnen immer eine schnellere L\u00f6sung anbieten.<\/p>\n<p>Wir sind auch gerne bereit, Ihnen Informationen \u00fcber Mengenrabatte zu geben.<\/p>\n<p>Einige Artikel k\u00f6nnen eine l\u00e4ngere Lieferzeit in Anspruch nehmen, da sie nicht auf Lager unseres Lieferanten sind. In diesem Fall werden Sie nach Eingang Ihrer Bestellung benachrichtigt. <\/p>\n<p>Wir liefern versandkostenfrei ab einem Bestellwert von CHF. 500.-. Unterhalb dieses Betrags wird eine Pauschale von CHF. 15,90 zu entrichten. <\/p>\n<p>Bei allen Online-Bestellungen f\u00fchren wir immer einen Telefonanruf durch, um sicherzustellen, dass Sie das richtige Produkt f\u00fcr Ihre Bed\u00fcrfnisse ausgew\u00e4hlt haben. So k\u00f6nnen Sie sicher sein, dass Sie die richtige Wahl treffen. <\/p>\n<p>Bitte beachten Sie, dass die Promo-Codes nicht kumulierbar sind und der Rabatt auf Ihrer Bestellung sichtbar ist.<\/p>\n","protected":false},"excerpt":{"rendered":"<p>Unverzichtbares Zubeh\u00f6r f\u00fcr Ihre Pr\u00e4sentationen und Besprechungen!<\/p>\n","protected":false},"featured_media":102176,"template":"","meta":{"slim_seo":{"title":"Klassische Flipchart - Suisse - C.Diff-Prom","description":"Unverzichtbares Zubeh\u00f6r f\u00fcr Ihre Pr\u00e4sentationen und Besprechungen!"}},"product_brand":[],"product_cat":[6342,6350,6390,6671],"product_tag":[6768,6673],"class_list":{"0":"post-106988","1":"product","2":"type-product","3":"status-publish","4":"has-post-thumbnail","6":"product_cat-anzeige","7":"product_cat-flipcharts-fur-konferenzen","8":"product_cat-ranking","9":"product_cat-tafeln-plakate","10":"product_tag-konferenzstaffeleien","11":"product_tag-tafeln-plakate","12":"pa_specifications-klassische-flipchartstaffeleien-ref-216721","13":"pa_specifications-konferenzstaffelei-mit-2-klappbaren-seitengalgen-ref-216722","15":"first","16":"instock","17":"taxable","18":"shipping-taxable","19":"purchasable","20":"product-type-variable"},"_links":{"self":[{"href":"https:\/\/cdiffprom.ch\/de\/wp-json\/wp\/v2\/product\/106988","targetHints":{"allow":["GET"]}}],"collection":[{"href":"https:\/\/cdiffprom.ch\/de\/wp-json\/wp\/v2\/product"}],"about":[{"href":"https:\/\/cdiffprom.ch\/de\/wp-json\/wp\/v2\/types\/product"}],"wp:featuredmedia":[{"embeddable":true,"href":"https:\/\/cdiffprom.ch\/de\/wp-json\/wp\/v2\/media\/102176"}],"wp:attachment":[{"href":"https:\/\/cdiffprom.ch\/de\/wp-json\/wp\/v2\/media?parent=106988"}],"wp:term":[{"taxonomy":"product_brand","embeddable":true,"href":"https:\/\/cdiffprom.ch\/de\/wp-json\/wp\/v2\/product_brand?post=106988"},{"taxonomy":"product_cat","embeddable":true,"href":"https:\/\/cdiffprom.ch\/de\/wp-json\/wp\/v2\/product_cat?post=106988"},{"taxonomy":"product_tag","embeddable":true,"href":"https:\/\/cdiffprom.ch\/de\/wp-json\/wp\/v2\/product_tag?post=106988"}],"curies":[{"name":"wp","href":"https:\/\/api.w.org\/{rel}","templated":true}]}}