{"id":107019,"date":"2019-07-26T11:52:09","date_gmt":"2019-07-26T09:52:09","guid":{"rendered":"https:\/\/cdiffprom.ch\/produit\/namensschilder-budget-alusign\/"},"modified":"2019-07-26T11:52:09","modified_gmt":"2019-07-26T09:52:09","slug":"namensschilder-budget-alusign","status":"publish","type":"product","link":"https:\/\/cdiffprom.ch\/de\/produit\/namensschilder-budget-alusign\/","title":{"rendered":"Namensschilder Budget alusign"},"content":{"rendered":"<ul>\n<li>Verwendung in Richtung Breite oder H\u00f6he.<\/li>\n<li>Leicht geschwungene Form.<\/li>\n<li>Schwarze Endkappen und entspiegelte Plexiglassch\u00fctzer.<\/li>\n<li>Unsichtbare Befestigung auf jeder glatten Oberfl\u00e4che, nur durch den mitgelieferten Kleber auf der R\u00fcckseite.<\/li>\n<li>F\u00fcr Sonderanfertigungen und gr\u00f6\u00dfere Mengen wenden Sie sich bitte an uns.<\/li>\n<\/ul>\n","protected":false},"excerpt":{"rendered":"<p>Eine preiswerte, geschwungene Aluminiumreihe<\/p>\n","protected":false},"featured_media":102188,"template":"","meta":{"slim_seo":{"title":"Namensschilder Budget alusign - Suisse - C.Diff-Prom","description":"Eine preiswerte, geschwungene Aluminiumreihe"}},"product_brand":[],"product_cat":[6342,6355,6420,6421],"product_tag":[6659],"class_list":{"0":"post-107019","1":"product","2":"type-product","3":"status-publish","4":"has-post-thumbnail","6":"product_cat-anzeige","7":"product_cat-konferenz","8":"product_cat-turschilder-an-der-wand","9":"product_cat-turschilder-an-der-wand-de","10":"product_tag-tuerschilder-an-der-wand","11":"pa_dimensions-10-5-x-10-5-cm-de","12":"pa_dimensions-10-5-x-14-8-cm-de","13":"pa_dimensions-10-5-x-21-cm-de","14":"pa_dimensions-10-5-x-30-cm-de","15":"pa_dimensions-14-8-x-10-5-cm-de","16":"pa_dimensions-14-8-x-14-8-cm-de","17":"pa_dimensions-14-8-x-21-cm-de","18":"pa_dimensions-14-8-x-30-cm-de","19":"pa_dimensions-52-x-105-cm","20":"pa_dimensions-52-x-30-cm","21":"pa_dimensions-5-2-x-14-8-cm-de","22":"pa_dimensions-5-2-x-21-cm-de","23":"pa_dimensions-74-x-105-cm","24":"pa_dimensions-74-x-148-cm","25":"pa_dimensions-74-x-30-cm","26":"pa_dimensions-7-4-x-21-cm-de","28":"first","29":"instock","30":"taxable","31":"shipping-taxable","32":"purchasable","33":"product-type-variable"},"_links":{"self":[{"href":"https:\/\/cdiffprom.ch\/de\/wp-json\/wp\/v2\/product\/107019","targetHints":{"allow":["GET"]}}],"collection":[{"href":"https:\/\/cdiffprom.ch\/de\/wp-json\/wp\/v2\/product"}],"about":[{"href":"https:\/\/cdiffprom.ch\/de\/wp-json\/wp\/v2\/types\/product"}],"wp:featuredmedia":[{"embeddable":true,"href":"https:\/\/cdiffprom.ch\/de\/wp-json\/wp\/v2\/media\/102188"}],"wp:attachment":[{"href":"https:\/\/cdiffprom.ch\/de\/wp-json\/wp\/v2\/media?parent=107019"}],"wp:term":[{"taxonomy":"product_brand","embeddable":true,"href":"https:\/\/cdiffprom.ch\/de\/wp-json\/wp\/v2\/product_brand?post=107019"},{"taxonomy":"product_cat","embeddable":true,"href":"https:\/\/cdiffprom.ch\/de\/wp-json\/wp\/v2\/product_cat?post=107019"},{"taxonomy":"product_tag","embeddable":true,"href":"https:\/\/cdiffprom.ch\/de\/wp-json\/wp\/v2\/product_tag?post=107019"}],"curies":[{"name":"wp","href":"https:\/\/api.w.org\/{rel}","templated":true}]}}