{"id":107021,"date":"2019-07-26T11:55:33","date_gmt":"2019-07-26T09:55:33","guid":{"rendered":"https:\/\/cdiffprom.ch\/produit\/magnetischer-fotorahmen\/"},"modified":"2019-07-26T11:55:33","modified_gmt":"2019-07-26T09:55:33","slug":"magnetischer-fotorahmen","status":"publish","type":"product","link":"https:\/\/cdiffprom.ch\/de\/produit\/magnetischer-fotorahmen\/","title":{"rendered":"Magnetischer Fotorahmen"},"content":{"rendered":"<h3><span style=\"color: #800000;\"><strong>Magnetischer Fotorahmen<\/strong><\/span><\/h3>\n<p>Dieser magnetische Fotorahmen bringt alle Ihre Karteikarten, Fotos oder Informationen zur Geltung. Durch seine Eleganz und Transparenz wird er auch Ihre Theken und Vitrinen versch\u00f6nern. <\/p>\n<h4><span style=\"color: #800000;\"><strong>Merkmale :<\/strong><\/span><\/h4>\n<ul>\n<li>Das Papierdokument oder das Foto wird zwischen zwei Plexiglasplatten (jeweils 10 mm dick) eingef\u00fcgt.<\/li>\n<li>Gehalten von 8 starken Knopfmagneten an den 4 Ecken.<\/li>\n<li>Gesamtdicke 2&#215;10 mm = 20 mm<\/li>\n<li>Aufrecht stehend im Hoch- oder Querformat oder flach liegend<\/li>\n<li>In verschiedenen Gr\u00f6\u00dfen erh\u00e4ltlich<\/li>\n<\/ul>\n<p><span style=\"color: #800000;\"><strong>Lieferbedingungen :<br \/>\n<\/strong><\/span><\/p>\n<p>Alle unsere Produkte sind innerhalb von 10 Tagen nach Eingang Ihrer Bestellung lieferbar. Bitte z\u00f6gern Sie nicht, uns zu kontaktieren. <u><a href=\"https:\/\/cdiffprom.ch\/elements\/contactez-nous\/\"><span style=\"color: #800000;\">uns zu kontaktieren.<\/span><\/a><\/u> Wenn Sie einen dringenderen Bedarf haben, k\u00f6nnen wir Ihnen immer eine schnellere L\u00f6sung anbieten. <\/p>\n<p>Einige Artikel k\u00f6nnen eine l\u00e4ngere Lieferzeit in Anspruch nehmen, da sie nicht auf Lager unseres Lieferanten sind. In diesem Fall werden Sie nach Eingang Ihrer Bestellung benachrichtigt. <\/p>\n<p>Wir liefern versandkostenfrei ab einem Bestellwert von CHF. 500.-. Unterhalb dieses Betrags wird eine Pauschale von CHF. 15,90 zu entrichten. <\/p>\n<p>Bei allen Online-Bestellungen f\u00fchren wir immer einen Telefonanruf durch, um sicherzustellen, dass Sie das richtige Produkt f\u00fcr Ihre Bed\u00fcrfnisse ausgew\u00e4hlt haben. So k\u00f6nnen Sie sicher sein, dass Sie die richtige Wahl treffen. <\/p>\n<p>Bitte beachten Sie, dass die Promo-Codes nicht kumulierbar sind und der Rabatt auf Ihrer Bestellung sichtbar ist.<\/p>\n","protected":false},"excerpt":{"rendered":"<p>Eleganz und Transparenz von Plexiglas f\u00fcr die Hervorhebung von Fotos, Karten, Informationen oder Preisen<\/p>\n","protected":false},"featured_media":103410,"template":"","meta":{"slim_seo":{"title":"Magnetischer Fotorahmen - Suisse - C.Diff-Prom","description":"Eleganz und Transparenz von Plexiglas f\u00fcr die Hervorhebung von Fotos, Karten, Informationen oder Preisen"}},"product_brand":[],"product_cat":[6342,6355,6345,6344],"product_tag":[6582],"class_list":{"0":"post-107021","1":"product","2":"type-product","3":"status-publish","4":"has-post-thumbnail","6":"product_cat-anzeige","7":"product_cat-konferenz","8":"product_cat-visitenkartenhalter-theken-de","9":"product_cat-visitenkartenhalter-theken","10":"product_tag-visitenkartenhalter-theken","11":"pa_dimensions-10-x-21-cm-de","12":"pa_dimensions-13-x-18-cm-de","13":"pa_dimensions-a4-21-x-297-cm-de","14":"pa_dimensions-a5-14-8-x-21-cm-de","15":"pa_dimensions-a6-169-x-126-mm-de","17":"first","18":"instock","19":"taxable","20":"shipping-taxable","21":"purchasable","22":"product-type-variable"},"_links":{"self":[{"href":"https:\/\/cdiffprom.ch\/de\/wp-json\/wp\/v2\/product\/107021","targetHints":{"allow":["GET"]}}],"collection":[{"href":"https:\/\/cdiffprom.ch\/de\/wp-json\/wp\/v2\/product"}],"about":[{"href":"https:\/\/cdiffprom.ch\/de\/wp-json\/wp\/v2\/types\/product"}],"wp:featuredmedia":[{"embeddable":true,"href":"https:\/\/cdiffprom.ch\/de\/wp-json\/wp\/v2\/media\/103410"}],"wp:attachment":[{"href":"https:\/\/cdiffprom.ch\/de\/wp-json\/wp\/v2\/media?parent=107021"}],"wp:term":[{"taxonomy":"product_brand","embeddable":true,"href":"https:\/\/cdiffprom.ch\/de\/wp-json\/wp\/v2\/product_brand?post=107021"},{"taxonomy":"product_cat","embeddable":true,"href":"https:\/\/cdiffprom.ch\/de\/wp-json\/wp\/v2\/product_cat?post=107021"},{"taxonomy":"product_tag","embeddable":true,"href":"https:\/\/cdiffprom.ch\/de\/wp-json\/wp\/v2\/product_tag?post=107021"}],"curies":[{"name":"wp","href":"https:\/\/api.w.org\/{rel}","templated":true}]}}