{"id":107043,"date":"2019-07-26T11:52:09","date_gmt":"2019-07-26T09:52:09","guid":{"rendered":"https:\/\/cdiffprom.ch\/produit\/gespritzte-namensschilder-von-alusign\/"},"modified":"2019-07-26T11:52:09","modified_gmt":"2019-07-26T09:52:09","slug":"gespritzte-namensschilder-von-alusign","status":"publish","type":"product","link":"https:\/\/cdiffprom.ch\/de\/produit\/gespritzte-namensschilder-von-alusign\/","title":{"rendered":"Gespritzte Namensschilder von Alusign"},"content":{"rendered":"<ul>\n<li>Entspiegelter Plexi-Schutz, hellgraue Kunststoffspitzen an den Enden<\/li>\n<li>Verwendung von Breite oder H\u00f6he<\/li>\n<li>Unsichtbare Befestigung an der Wand oder an einer T\u00fcr mit 2 Schrauben und 2 D\u00fcbeln (im Lieferumfang enthalten) 12 verf\u00fcgbare Formate: von 40 x 150 mm bis 300 x 420 mm<\/li>\n<\/ul>\n","protected":false},"excerpt":{"rendered":"<p>Gew\u00f6lbtes Sortiment aus nat\u00fcrlichem eloxiertem Aluminium. 12 Formate auf Lager <\/p>\n","protected":false},"featured_media":102186,"template":"","meta":{"slim_seo":{"title":"Gespritzte Namensschilder von Alusign - Suisse - C.Diff-Prom","description":"Gew\u00f6lbtes Sortiment aus nat\u00fcrlichem eloxiertem Aluminium. 12 Formate auf Lager"}},"product_brand":[],"product_cat":[6342,6355,6420,6421],"product_tag":[6659],"class_list":{"0":"post-107043","1":"product","2":"type-product","3":"status-publish","4":"has-post-thumbnail","6":"product_cat-anzeige","7":"product_cat-konferenz","8":"product_cat-turschilder-an-der-wand","9":"product_cat-turschilder-an-der-wand-de","10":"product_tag-tuerschilder-an-der-wand","11":"pa_dimensions-10-x-10-cm-de","12":"pa_dimensions-10-x-15-cm-de","13":"pa_dimensions-15-x-15-cm-de","14":"pa_dimensions-15-x-21-cm-de","15":"pa_dimensions-20-x-15-cm-de","16":"pa_dimensions-20-x-20-cm-de","17":"pa_dimensions-20-x-29-de","18":"pa_dimensions-30-x-21-cm-de","19":"pa_dimensions-30-x-30-cm-de","20":"pa_dimensions-30-x-42-cm-de","21":"pa_dimensions-4-x-15-cm-de","22":"pa_dimensions-6-x-10-cm-de","23":"pa_dimensions-frei-oder-besetzt","25":"first","26":"instock","27":"taxable","28":"shipping-taxable","29":"purchasable","30":"product-type-variable"},"_links":{"self":[{"href":"https:\/\/cdiffprom.ch\/de\/wp-json\/wp\/v2\/product\/107043","targetHints":{"allow":["GET"]}}],"collection":[{"href":"https:\/\/cdiffprom.ch\/de\/wp-json\/wp\/v2\/product"}],"about":[{"href":"https:\/\/cdiffprom.ch\/de\/wp-json\/wp\/v2\/types\/product"}],"wp:featuredmedia":[{"embeddable":true,"href":"https:\/\/cdiffprom.ch\/de\/wp-json\/wp\/v2\/media\/102186"}],"wp:attachment":[{"href":"https:\/\/cdiffprom.ch\/de\/wp-json\/wp\/v2\/media?parent=107043"}],"wp:term":[{"taxonomy":"product_brand","embeddable":true,"href":"https:\/\/cdiffprom.ch\/de\/wp-json\/wp\/v2\/product_brand?post=107043"},{"taxonomy":"product_cat","embeddable":true,"href":"https:\/\/cdiffprom.ch\/de\/wp-json\/wp\/v2\/product_cat?post=107043"},{"taxonomy":"product_tag","embeddable":true,"href":"https:\/\/cdiffprom.ch\/de\/wp-json\/wp\/v2\/product_tag?post=107043"}],"curies":[{"name":"wp","href":"https:\/\/api.w.org\/{rel}","templated":true}]}}