{"id":107056,"date":"2019-07-26T11:55:38","date_gmt":"2019-07-26T09:55:38","guid":{"rendered":"https:\/\/cdiffprom.ch\/produit\/vertikaler-tisch-oder-theken-visualhalter\/"},"modified":"2019-07-26T11:55:38","modified_gmt":"2019-07-26T09:55:38","slug":"vertikaler-tisch-oder-theken-visualhalter","status":"publish","type":"product","link":"https:\/\/cdiffprom.ch\/de\/produit\/vertikaler-tisch-oder-theken-visualhalter\/","title":{"rendered":"Vertikaler Tisch- oder Theken-Visualhalter"},"content":{"rendered":"<h3><span style=\"color: #800000;\"><strong>Vertikaler Tisch- oder Theken-Visualhalter<\/strong><\/span><\/h3>\n<p>Mit diesem vertikalen Tisch- oder Thekenhalter k\u00f6nnen Sie Ihren Kunden oder Mitarbeitern auf einfache Weise verschiedene Informationen oder Aktionen des Tages anzeigen.<\/p>\n<p>Dieses Bild eignet sich f\u00fcr viele Bereiche, z.B. :<\/p>\n<ul>\n<li>in einer Vitrine<\/li>\n<li>verschiedene Empfangs- oder B\u00fcrotheken: Name der Person, Datum der Sitzung<\/li>\n<li>Autowerkst\u00e4tten: Informieren Sie Ihre Besucher \u00fcber die \u00d6ffnungszeiten<\/li>\n<li>Reiseb\u00fcros: die Sonderangebote des Monats<\/li>\n<li>Restaurants: Tagesmen\u00fc<\/li>\n<li>Institute: Angebot von Schlankheitsprogrammen, Produktangebot<\/li>\n<\/ul>\n<h4><span style=\"color: #800000;\"><strong>Merkmale :<\/strong><\/span><\/h4>\n<ul>\n<li>Modelle A3, A4, A5, 1\/3 A4, 150&#215;105 mm A3 &#8211; A4 und A5 sind in Hochformat und Querformat erh\u00e4ltlich.<\/li>\n<li>Einlegen eines beliebig dicken Blattes von der Kante her<\/li>\n<li>Starrer Kunststoff, transparentes Plexiglas, Dicke 1,5 mm<\/li>\n<\/ul>\n<p><span style=\"color: #800000;\"><strong>Lieferbedingungen :<br \/>\n<\/strong><\/span><\/p>\n<p>Alle unsere Produkte sind innerhalb von 10 Tagen nach Eingang Ihrer Bestellung lieferbar. Bitte z\u00f6gern Sie nicht, uns zu kontaktieren. <u><a href=\"https:\/\/cdiffprom.ch\/elements\/contactez-nous\/\"><span style=\"color: #800000;\">uns zu kontaktieren.<\/span><\/a><\/u> Wenn Sie einen dringenderen Bedarf haben, k\u00f6nnen wir Ihnen immer eine schnellere L\u00f6sung anbieten. <\/p>\n<p>Einige Artikel k\u00f6nnen eine l\u00e4ngere Lieferzeit in Anspruch nehmen, da sie nicht auf Lager unseres Lieferanten sind. In diesem Fall werden Sie nach Eingang Ihrer Bestellung benachrichtigt. <\/p>\n<p>Wir liefern versandkostenfrei ab einem Bestellwert von CHF. 500.-. Unterhalb dieses Betrags wird eine Pauschale von CHF. 15,90 zu entrichten. <\/p>\n<p>Bei allen Online-Bestellungen f\u00fchren wir immer einen Telefonanruf durch, um sicherzustellen, dass Sie das richtige Produkt f\u00fcr Ihre Bed\u00fcrfnisse ausgew\u00e4hlt haben. So k\u00f6nnen Sie sicher sein, dass Sie die richtige Wahl treffen. <\/p>\n<p>Bitte beachten Sie, dass die Promo-Codes nicht kumulierbar sind und der Rabatt auf Ihrer Bestellung sichtbar ist.<\/p>\n","protected":false},"excerpt":{"rendered":"<p>Optimale Hervorhebung Ihrer Dokumente: Doppelseitige Ansicht! Modelle Hoch- und Querformat! <\/p>\n","protected":false},"featured_media":101696,"template":"","meta":{"slim_seo":{"title":"Vertikaler Tisch- oder Theken-Visualhalter - Suisse - C.Diff-Prom","description":"Optimale Hervorhebung Ihrer Dokumente: Doppelseitige Ansicht! Modelle Hoch- und Querformat!"}},"product_brand":[],"product_cat":[6342,6344],"product_tag":[6364,6582],"class_list":{"0":"post-107056","1":"product","2":"type-product","3":"status-publish","4":"has-post-thumbnail","6":"product_cat-anzeige","7":"product_cat-visitenkartenhalter-theken","8":"product_tag-pos-materialien","9":"product_tag-visitenkartenhalter-theken","10":"pa_dimensions-1-3-a4-h-205-x-b-12-x-t-93-cm","11":"pa_dimensions-a3-297-x-42-cm-de","12":"pa_dimensions-a4-21-x-297-cm-de","13":"pa_dimensions-a5-14-8-x-21-cm-de","14":"pa_dimensions-a6-169-x-126-mm-de","15":"pa_orientation-landschaft","16":"pa_orientation-portrat","18":"first","19":"instock","20":"taxable","21":"shipping-taxable","22":"purchasable","23":"product-type-variable"},"_links":{"self":[{"href":"https:\/\/cdiffprom.ch\/de\/wp-json\/wp\/v2\/product\/107056","targetHints":{"allow":["GET"]}}],"collection":[{"href":"https:\/\/cdiffprom.ch\/de\/wp-json\/wp\/v2\/product"}],"about":[{"href":"https:\/\/cdiffprom.ch\/de\/wp-json\/wp\/v2\/types\/product"}],"wp:featuredmedia":[{"embeddable":true,"href":"https:\/\/cdiffprom.ch\/de\/wp-json\/wp\/v2\/media\/101696"}],"wp:attachment":[{"href":"https:\/\/cdiffprom.ch\/de\/wp-json\/wp\/v2\/media?parent=107056"}],"wp:term":[{"taxonomy":"product_brand","embeddable":true,"href":"https:\/\/cdiffprom.ch\/de\/wp-json\/wp\/v2\/product_brand?post=107056"},{"taxonomy":"product_cat","embeddable":true,"href":"https:\/\/cdiffprom.ch\/de\/wp-json\/wp\/v2\/product_cat?post=107056"},{"taxonomy":"product_tag","embeddable":true,"href":"https:\/\/cdiffprom.ch\/de\/wp-json\/wp\/v2\/product_tag?post=107056"}],"curies":[{"name":"wp","href":"https:\/\/api.w.org\/{rel}","templated":true}]}}