{"id":107061,"date":"2019-07-26T11:55:35","date_gmt":"2019-07-26T09:55:35","guid":{"rendered":"https:\/\/cdiffprom.ch\/produit\/visuelle-drehsperre-fuer-die-theke\/"},"modified":"2019-07-26T11:55:35","modified_gmt":"2019-07-26T09:55:35","slug":"visuelle-drehsperre-fuer-die-theke","status":"publish","type":"product","link":"https:\/\/cdiffprom.ch\/de\/produit\/visuelle-drehsperre-fuer-die-theke\/","title":{"rendered":"Visuelle Drehsperre f\u00fcr die Theke"},"content":{"rendered":"<h3><span style=\"color: #800000;\"><strong>Visuelle Drehsperre f\u00fcr die Theke<\/strong><\/span><\/h3>\n<p>Mit diesem visuellen Drehkreuz f\u00fcr die Theke k\u00f6nnen Sie leicht Ihre verschiedenen Informationen f\u00fcr Ihre Kunden aush\u00e4ngen.<\/p>\n<p>Dank seines Kugellagers kann dieses Drehkreuz gedreht werden und bietet somit eine sehr gute Sicht auf jede Seite.<\/p>\n<p>Dieses Bild eignet sich f\u00fcr viele Bereiche, z.B. :<\/p>\n<ul>\n<li>verschiedene Empfangstheken oder B\u00fcros<\/li>\n<li>Fitness: einmalige Veranstaltungen, Werbeangebote<\/li>\n<li>Restaurants: Tages- oder Wochenmen\u00fcs<\/li>\n<li>Institute: Vorschl\u00e4ge f\u00fcr Sch\u00f6nheitsprogramme, Angebote f\u00fcr Produkte\/Pflegeprodukte<\/li>\n<\/ul>\n<p><span style=\"color: #800000;\"><strong>Merkmale :<\/strong><\/span><\/p>\n<ul>\n<li>3 Seiten, gesch\u00fctzt durch transparentes Plexiglas, in das Sie Ihre Grafiken oder Informationen einf\u00fcgen k\u00f6nnen.<\/li>\n<li>Schwarze, halbmatt gespritzte Kunststoffoberfl\u00e4chen<\/li>\n<\/ul>\n<p><span style=\"color: #800000;\"><strong>Lieferbedingungen :<br \/>\n<\/strong><\/span><\/p>\n<p>Alle unsere Produkte sind innerhalb von 10 Tagen nach Eingang Ihrer Bestellung lieferbar. Bitte z\u00f6gern Sie nicht, uns zu kontaktieren. <u><a href=\"https:\/\/cdiffprom.ch\/elements\/contactez-nous\/\"><span style=\"color: #800000;\">uns zu kontaktieren.<\/span><\/a><\/u> Wenn Sie einen dringenderen Bedarf haben, k\u00f6nnen wir Ihnen immer eine schnellere L\u00f6sung anbieten. <\/p>\n<p>Einige Artikel k\u00f6nnen eine l\u00e4ngere Lieferzeit in Anspruch nehmen, da sie nicht auf Lager unseres Lieferanten sind. In diesem Fall werden Sie nach Eingang Ihrer Bestellung benachrichtigt. <\/p>\n<p>Wir liefern versandkostenfrei ab einem Bestellwert von CHF. 500.-. Unterhalb dieses Betrags wird eine Pauschale von CHF. 15,90 zu entrichten. <\/p>\n<p>Bei allen Online-Bestellungen f\u00fchren wir immer einen Telefonanruf durch, um sicherzustellen, dass Sie das richtige Produkt f\u00fcr Ihre Bed\u00fcrfnisse ausgew\u00e4hlt haben. So k\u00f6nnen Sie sicher sein, dass Sie die richtige Wahl treffen. <\/p>\n<p>Bitte beachten Sie, dass die Promo-Codes nicht kumulierbar sind und der Rabatt auf Ihrer Bestellung sichtbar ist.<\/p>\n","protected":false},"excerpt":{"rendered":"<p>Praktische Drehsperre mit Design auf einem Tisch oder einer Empfangstheke!<\/p>\n","protected":false},"featured_media":103412,"template":"","meta":{"slim_seo":{"title":"Visuelle Drehsperre f\u00fcr die Theke - Suisse - C.Diff-Prom","description":"Praktische Drehsperre mit Design auf einem Tisch oder einer Empfangstheke!"}},"product_brand":[],"product_cat":[6342,6355,6344,6345],"product_tag":[6582],"class_list":{"0":"post-107061","1":"product","2":"type-product","3":"status-publish","4":"has-post-thumbnail","6":"product_cat-anzeige","7":"product_cat-konferenz","8":"product_cat-visitenkartenhalter-theken","9":"product_cat-visitenkartenhalter-theken-de","10":"product_tag-visitenkartenhalter-theken","11":"pa_dimensions-1-3-a4-h-205-x-b-12-x-t-93-cm","12":"pa_dimensions-a5-14-8-x-21-cm-de","13":"pa_dimensions-a6-169-x-126-mm-de","15":"first","16":"instock","17":"taxable","18":"shipping-taxable","19":"purchasable","20":"product-type-variable"},"_links":{"self":[{"href":"https:\/\/cdiffprom.ch\/de\/wp-json\/wp\/v2\/product\/107061","targetHints":{"allow":["GET"]}}],"collection":[{"href":"https:\/\/cdiffprom.ch\/de\/wp-json\/wp\/v2\/product"}],"about":[{"href":"https:\/\/cdiffprom.ch\/de\/wp-json\/wp\/v2\/types\/product"}],"wp:featuredmedia":[{"embeddable":true,"href":"https:\/\/cdiffprom.ch\/de\/wp-json\/wp\/v2\/media\/103412"}],"wp:attachment":[{"href":"https:\/\/cdiffprom.ch\/de\/wp-json\/wp\/v2\/media?parent=107061"}],"wp:term":[{"taxonomy":"product_brand","embeddable":true,"href":"https:\/\/cdiffprom.ch\/de\/wp-json\/wp\/v2\/product_brand?post=107061"},{"taxonomy":"product_cat","embeddable":true,"href":"https:\/\/cdiffprom.ch\/de\/wp-json\/wp\/v2\/product_cat?post=107061"},{"taxonomy":"product_tag","embeddable":true,"href":"https:\/\/cdiffprom.ch\/de\/wp-json\/wp\/v2\/product_tag?post=107061"}],"curies":[{"name":"wp","href":"https:\/\/api.w.org\/{rel}","templated":true}]}}