{"id":107070,"date":"2019-07-26T11:57:01","date_gmt":"2019-07-26T09:57:01","guid":{"rendered":"https:\/\/cdiffprom.ch\/produit\/schieferstaffelei-erster-preis\/"},"modified":"2019-07-26T11:57:01","modified_gmt":"2019-07-26T09:57:01","slug":"schieferstaffelei-erster-preis","status":"publish","type":"product","link":"https:\/\/cdiffprom.ch\/de\/produit\/schieferstaffelei-erster-preis\/","title":{"rendered":"Schieferstaffelei erster Preis"},"content":{"rendered":"<h3><strong><span style=\"color: #800000;\">Schieferstaffelei erster Preis<\/span><br \/>\n<\/strong><\/h3>\n<p>Die preisg\u00fcnstige Schiefertafel ist ein unverzichtbares Werbemittel f\u00fcr Ihr Restaurant, um Ihre Werbebotschaft zu pr\u00e4sentieren. Die doppelseitige Anzeige auf der Flipchart erm\u00f6glicht es Ihnen, die Richtung Ihres Gesch\u00e4fts anzuzeigen oder Ihre Speisekarte handschriftlich zu beschriften, und Sie ben\u00f6tigen nur eine normale Kreide, um auf der Flipchart zu schreiben.<\/p>\n<p>Dieses preisg\u00fcnstige Kommunikationsmittel wird Sie begeistern und die Blicke Ihrer Kunden auf sich ziehen. Sowohl im Auto als auch zu Fu\u00df sichtbar, wird diese \u00e4sthetische Schiefertafel mit Ihrer pers\u00f6nlichen Botschaft die Aufmerksamkeit der Passanten auf sich ziehen. Daher ist es ein einfaches und effektives Kommunikationsmittel. Die relativ gro\u00dfe Anzeigefl\u00e4che ist perfekt f\u00fcr Ihre Werbebotschaft.<\/p>\n<h4><span style=\"color: #800000;\"><strong>Informationen \u00fcber die Schieferstaffelei :<\/strong><\/span><\/h4>\n<ul>\n<li>Wei\u00dfer Kunststoff 4 mm<\/li>\n<li>Schwarze Beschichtung auf beiden Seiten<\/li>\n<li>Zum Schreiben mit nat\u00fcrlicher Kreide<\/li>\n<li>Schreibfl\u00e4che H 81 x B 48 cm<\/li>\n<li>Offen: H 83 x B 51 x T 64 cm<\/li>\n<li>Zusammengeklappt: H 88 x B 51 x Ep. 6 cm <\/li>\n<li>Gewicht 5 kg<\/li>\n<li>Wird gebrauchsfertig geliefert<\/li>\n<\/ul>\n<p>Die Flipchart kann leicht zusammengeklappt werden, so dass sie bei Bedarf problemlos transportiert werden kann.<\/p>\n<p>Wir k\u00f6nnen Ihnen auch eine Flipchart anbieten.<span style=\"color: #800000;\"><a style=\"color: #800000;\" href=\"https:\/\/cdiffprom.ch\/produit\/chevalet-ardoise-tableau-ardoise\/\"> Schieferstaffelei mit Massivholzrahmen<\/a><\/span>Bitte vergleichen Sie diese.<\/p>\n","protected":false},"excerpt":{"rendered":"<p>F\u00fcr eine schnelle Registrierung Ihrer Nachrichten<\/p>\n","protected":false},"featured_media":102232,"template":"","meta":{"slim_seo":{"title":"Schieferstaffelei erster Preis - Suisse - C.Diff-Prom","description":"F\u00fcr eine schnelle Registrierung Ihrer Nachrichten"}},"product_brand":[],"product_cat":[6342,6343],"product_tag":[6579],"class_list":{"0":"post-107070","1":"product","2":"type-product","3":"status-publish","4":"has-post-thumbnail","6":"product_cat-anzeige","7":"product_cat-staffeleien-gehwegstopper","8":"product_tag-stelzen-und-gehwegstopper","10":"first","11":"instock","12":"taxable","13":"shipping-taxable","14":"purchasable","15":"product-type-simple"},"_links":{"self":[{"href":"https:\/\/cdiffprom.ch\/de\/wp-json\/wp\/v2\/product\/107070","targetHints":{"allow":["GET"]}}],"collection":[{"href":"https:\/\/cdiffprom.ch\/de\/wp-json\/wp\/v2\/product"}],"about":[{"href":"https:\/\/cdiffprom.ch\/de\/wp-json\/wp\/v2\/types\/product"}],"wp:featuredmedia":[{"embeddable":true,"href":"https:\/\/cdiffprom.ch\/de\/wp-json\/wp\/v2\/media\/102232"}],"wp:attachment":[{"href":"https:\/\/cdiffprom.ch\/de\/wp-json\/wp\/v2\/media?parent=107070"}],"wp:term":[{"taxonomy":"product_brand","embeddable":true,"href":"https:\/\/cdiffprom.ch\/de\/wp-json\/wp\/v2\/product_brand?post=107070"},{"taxonomy":"product_cat","embeddable":true,"href":"https:\/\/cdiffprom.ch\/de\/wp-json\/wp\/v2\/product_cat?post=107070"},{"taxonomy":"product_tag","embeddable":true,"href":"https:\/\/cdiffprom.ch\/de\/wp-json\/wp\/v2\/product_tag?post=107070"}],"curies":[{"name":"wp","href":"https:\/\/api.w.org\/{rel}","templated":true}]}}