{"id":107071,"date":"2019-07-26T11:55:36","date_gmt":"2019-07-26T09:55:36","guid":{"rendered":"https:\/\/cdiffprom.ch\/produit\/fotohalter-und-glass-look-visual\/"},"modified":"2019-07-26T11:55:36","modified_gmt":"2019-07-26T09:55:36","slug":"fotohalter-und-glass-look-visual","status":"publish","type":"product","link":"https:\/\/cdiffprom.ch\/de\/produit\/fotohalter-und-glass-look-visual\/","title":{"rendered":"Fotohalter und Glass-look Visual"},"content":{"rendered":"<h3><span style=\"color: #800000;\"><strong>Fotohalter und Glass-look Visual<\/strong><\/span><\/h3>\n<p>Mit diesem Fotohalter und Glass-Look-Display k\u00f6nnen Sie Ihren Kunden oder Mitarbeitern auf einfache Weise verschiedene Informationen oder Aktionen des Tages pr\u00e4sentieren.<\/p>\n<p>Dieses Bild eignet sich f\u00fcr viele Bereiche, z.B. :<\/p>\n<ul>\n<li>in einer Vitrine<\/li>\n<li>verschiedene Empfangs- oder B\u00fcrotheken: Name der Person, Datum der Sitzung<\/li>\n<li>Autowerkst\u00e4tten: Informieren Sie Ihre Besucher \u00fcber die \u00d6ffnungszeiten<\/li>\n<li>Reiseb\u00fcros: die Sonderangebote des Monats<\/li>\n<li>Restaurants: Tagesmen\u00fc<\/li>\n<li>Institute: Angebot von Schlankheitsprogrammen, Produktangebot<\/li>\n<\/ul>\n<p><span style=\"color: #800000;\"><strong>Merkmale :<\/strong><\/span><\/p>\n<ul>\n<li>Dokument zwischen zwei Plexiglasplatten aufgenommen<\/li>\n<li>Verchromte Schrauben und Metallstangen<\/li>\n<li>Geneigte Modelle k\u00f6nnen sowohl im Hoch- als auch im Querformat verwendet werden.<\/li>\n<li>2 mm dickes, transparentes Plexiglas mit &#8222;glass-look&#8220; Glasoptik<\/li>\n<\/ul>\n<p><span style=\"color: #800000;\"><strong>Lieferbedingungen :<br \/>\n<\/strong><\/span><\/p>\n<p>Alle unsere Produkte sind innerhalb von 10 Tagen nach Eingang Ihrer Bestellung lieferbar. Bitte z\u00f6gern Sie nicht, uns zu kontaktieren. <span style=\"color: #800000;\"><u><a style=\"color: #800000;\" href=\"https:\/\/cdiffprom.ch\/elements\/contactez-nous\/\">uns zu kontaktieren.<\/a><\/u><\/span> Wenn Sie einen dringenderen Bedarf haben, k\u00f6nnen wir Ihnen immer eine schnellere L\u00f6sung anbieten. <\/p>\n<p>Einige Artikel k\u00f6nnen eine l\u00e4ngere Lieferzeit in Anspruch nehmen, da sie nicht auf Lager unseres Lieferanten sind. In diesem Fall werden Sie nach Eingang Ihrer Bestellung benachrichtigt. <\/p>\n<p>Wir liefern versandkostenfrei ab einem Bestellwert von CHF. 500.-. Unterhalb dieses Betrags wird eine Pauschale von CHF. 15,90 zu entrichten. <\/p>\n<p>Bei allen Online-Bestellungen f\u00fchren wir immer einen Telefonanruf durch, um sicherzustellen, dass Sie das richtige Produkt f\u00fcr Ihre Bed\u00fcrfnisse ausgew\u00e4hlt haben. So k\u00f6nnen Sie sicher sein, dass Sie die richtige Wahl treffen. <\/p>\n<p>Bitte beachten Sie, dass die Promo-Codes nicht kumulierbar sind und der Rabatt auf Ihrer Bestellung sichtbar ist.<\/p>\n","protected":false},"excerpt":{"rendered":"<p>Optimale Hervorhebung Ihrer Dokumente<\/p>\n","protected":false},"featured_media":103418,"template":"","meta":{"slim_seo":{"title":"Fotohalter und Glass-look Visual - Suisse - C.Diff-Prom","description":"Optimale Hervorhebung Ihrer Dokumente"}},"product_brand":[],"product_cat":[6342,6355,6344,6345],"product_tag":[6582],"class_list":{"0":"post-107071","1":"product","2":"type-product","3":"status-publish","4":"has-post-thumbnail","6":"product_cat-anzeige","7":"product_cat-konferenz","8":"product_cat-visitenkartenhalter-theken","9":"product_cat-visitenkartenhalter-theken-de","10":"product_tag-visitenkartenhalter-theken","11":"pa_dimensions-a4-21-x-297-cm-de","12":"pa_dimensions-a5-14-8-x-21-cm-de","13":"pa_orientation-landschaft","14":"pa_orientation-portrat","16":"first","17":"instock","18":"taxable","19":"shipping-taxable","20":"purchasable","21":"product-type-variable"},"_links":{"self":[{"href":"https:\/\/cdiffprom.ch\/de\/wp-json\/wp\/v2\/product\/107071","targetHints":{"allow":["GET"]}}],"collection":[{"href":"https:\/\/cdiffprom.ch\/de\/wp-json\/wp\/v2\/product"}],"about":[{"href":"https:\/\/cdiffprom.ch\/de\/wp-json\/wp\/v2\/types\/product"}],"wp:featuredmedia":[{"embeddable":true,"href":"https:\/\/cdiffprom.ch\/de\/wp-json\/wp\/v2\/media\/103418"}],"wp:attachment":[{"href":"https:\/\/cdiffprom.ch\/de\/wp-json\/wp\/v2\/media?parent=107071"}],"wp:term":[{"taxonomy":"product_brand","embeddable":true,"href":"https:\/\/cdiffprom.ch\/de\/wp-json\/wp\/v2\/product_brand?post=107071"},{"taxonomy":"product_cat","embeddable":true,"href":"https:\/\/cdiffprom.ch\/de\/wp-json\/wp\/v2\/product_cat?post=107071"},{"taxonomy":"product_tag","embeddable":true,"href":"https:\/\/cdiffprom.ch\/de\/wp-json\/wp\/v2\/product_tag?post=107071"}],"curies":[{"name":"wp","href":"https:\/\/api.w.org\/{rel}","templated":true}]}}