{"id":107076,"date":"2019-07-26T11:57:02","date_gmt":"2019-07-26T09:57:02","guid":{"rendered":"https:\/\/cdiffprom.ch\/produit\/stoppt-den-buergersteig\/"},"modified":"2019-07-26T11:57:02","modified_gmt":"2019-07-26T09:57:02","slug":"stoppt-den-buergersteig","status":"publish","type":"product","link":"https:\/\/cdiffprom.ch\/de\/produit\/stoppt-den-buergersteig\/","title":{"rendered":"Stoppt den B\u00fcrgersteig"},"content":{"rendered":"<h3><span style=\"color: #800000;\"><strong>Bordsteinstopper mit beschwerter Basis<\/strong><\/span><\/h3>\n<p>Dieser Bordsteinstopper auf beschwerter Basis macht Sie auf Ihrer Stra\u00dfe schon von weitem sichtbar.<\/p>\n<p>Die Basis ist mit 30 Liter Wasser oder 45 kg Sand beschwert und bietet einen hohen Widerstand gegen Wind.<\/p>\n<p>Der Rahmen ist mit einer umlaufenden Dichtung versehen, die eine perfekte Wasserdichtigkeit Ihrer Poster gew\u00e4hrleistet.<\/p>\n<p>Durch die beidseitige Gesichts\u00f6ffnung k\u00f6nnen Sie Ihre Poster leicht austauschen. Dank der 2 Rollen an der Seite ist er leicht zu bewegen. <\/p>\n<p>Sehen Sie sich auch unser Modell auf<span style=\"color: #800000;\"><a style=\"color: #800000;\" href=\"https:\/\/cdiffprom.ch\/produit\/stop-trottoir-base-ressorts\/\"> auf Metallbasis<\/a><\/span>zu sehen, das etwas leichter ist.<\/p>\n<p><span style=\"color: #800000;\"><a style=\"color: #800000;\" href=\"https:\/\/cdiffprom.ch\/elements\/contactez-nous\/\">Fordern Sie  an.<\/a> <\/span>Unsere Konditionen f\u00fcr Mengenbestellungen, Preisnachlass ab dem zweiten bestellten Bordsteinstopper auf beschwerter Basis.<\/p>\n<p>Der Bordsteinstopper ist in der Regel in der Gr\u00f6\u00dfe A1 und in der Farbe grau ab Lager verf\u00fcgbar, bei gr\u00f6\u00dferen Gr\u00f6\u00dfen und schwarzem Material kann es bis zu 10 Tage dauern.<\/p>\n<p>Wenn Ihnen die Inspiration f\u00fcr die Gestaltung Ihrer Poster fehlt, wenden Sie sich bitte an unsere Partner <a href=\"https:\/\/impactpub.ch\/\">Impact Pub<\/a> in Genf oder <a href=\"https:\/\/www.facebook.com\/kontrastpublicite\/\">Kontrast Publicit\u00e9<\/a> in La Chaux de Fonds, die Ihnen gerne weiterhelfen.<\/p>\n<h4><strong><span style=\"color: #800000;\">Technische Spezifikationen und Abmessungen<\/span><\/strong><\/h4>\n<ul>\n<li>Ideal f\u00fcr den Einsatz im Freien, wasserdicht, windstossfest 2 Cadro- Clic-Anzeigefl\u00e4chen aus naturfarbenem, eloxiertem Aluminium, St\u00e4rke 4 cm <\/li>\n<li>Unzerbrechliche, reflexionsarme Plexi-Polycarbonat-Schutzschilde (P E T)<\/li>\n<li>Hochfeste Kunststoffbasis, die bei Bedarf mit Wasser (max. 30 kg) oder feinem Sand (max. 45 kg) beschwert werden kann.<\/li>\n<li>Beine mit 4 flexiblen, korrosionsbest\u00e4ndigen Federn<\/li>\n<li>A1, Gesamtabmessungen 117 x 72 x 58 cm f\u00fcr 14 kh \/ A0 151 x 90 x 63 cm f\u00fcr 24 kg \/ 100 x 70 132 x 90 x 63 f\u00fcr 20 kg (vor Ballast)<\/li>\n<\/ul>\n<h4><strong><span style=\"color: #800000;\">Was Sie wissen sollten<\/span><\/strong><\/h4>\n<p>Das Prinzip des Antireflexsystems liegt in seinem Plexiglas, das innen glatt und au\u00dfen leicht rau ist, denken Sie daran, wenn Sie Ihre Poster austauschen, der einfachste Weg, um zu wissen, ob Sie richtig liegen. Stellen Sie sich vor den Rahmen, wenn Sie sich sehen, m\u00fcssen Sie Ihr Plexiglas umdrehen, um den Spiegeleffekt zu beseitigen. <\/p>\n","protected":false},"excerpt":{"rendered":"<p>Damit Sie in Ihrer Stra\u00dfe bei jedem Wetter und sogar bei Wind weithin sichtbar sind.<\/p>\n<p>Erh\u00e4ltlich in grau und schwarz. M\u00f6chten Sie ein leichteres Modell? Sehen Sie sich auch die Flipchart an.<strong><span style=\"color: #800000;\"><a style=\"color: #800000;\" href=\"https:\/\/cdiffprom.ch\/produit\/stop-trottoir-base-lestee\/\"> Flipchart!<\/a><\/span><\/strong>  <\/p>\n<p>&nbsp;<\/p>\n","protected":false},"featured_media":102234,"template":"","meta":{"slim_seo":{"title":"Stoppt den B\u00fcrgersteig - Suisse - C.Diff-Prom","description":"Damit Sie in Ihrer Stra\u00dfe bei jedem Wetter und sogar bei Wind weithin sichtbar sind. Erh\u00e4ltlich in grau und schwarz. M\u00f6chten Sie ein leichteres Modell? Sehen Si"}},"product_brand":[],"product_cat":[6570,6342,6343],"product_tag":[6579],"class_list":{"0":"post-107076","1":"product","2":"type-product","3":"status-publish","4":"has-post-thumbnail","6":"product_cat-100-wasserdicht","7":"product_cat-anzeige","8":"product_cat-staffeleien-gehwegstopper","9":"product_tag-stelzen-und-gehwegstopper","10":"pa_dimensions-70-x-100-cm-de","11":"pa_dimensions-a0-84-x-118-8-cm-de","12":"pa_dimensions-a1-594-x-84-cm-de","14":"first","15":"instock","16":"taxable","17":"shipping-taxable","18":"purchasable","19":"product-type-variable"},"_links":{"self":[{"href":"https:\/\/cdiffprom.ch\/de\/wp-json\/wp\/v2\/product\/107076","targetHints":{"allow":["GET"]}}],"collection":[{"href":"https:\/\/cdiffprom.ch\/de\/wp-json\/wp\/v2\/product"}],"about":[{"href":"https:\/\/cdiffprom.ch\/de\/wp-json\/wp\/v2\/types\/product"}],"wp:featuredmedia":[{"embeddable":true,"href":"https:\/\/cdiffprom.ch\/de\/wp-json\/wp\/v2\/media\/102234"}],"wp:attachment":[{"href":"https:\/\/cdiffprom.ch\/de\/wp-json\/wp\/v2\/media?parent=107076"}],"wp:term":[{"taxonomy":"product_brand","embeddable":true,"href":"https:\/\/cdiffprom.ch\/de\/wp-json\/wp\/v2\/product_brand?post=107076"},{"taxonomy":"product_cat","embeddable":true,"href":"https:\/\/cdiffprom.ch\/de\/wp-json\/wp\/v2\/product_cat?post=107076"},{"taxonomy":"product_tag","embeddable":true,"href":"https:\/\/cdiffprom.ch\/de\/wp-json\/wp\/v2\/product_tag?post=107076"}],"curies":[{"name":"wp","href":"https:\/\/api.w.org\/{rel}","templated":true}]}}