{"id":107078,"date":"2019-07-26T11:55:37","date_gmt":"2019-07-26T09:55:37","guid":{"rendered":"https:\/\/cdiffprom.ch\/produit\/geneigter-visitenkartenhalter-schreibtisch\/"},"modified":"2019-07-26T11:55:37","modified_gmt":"2019-07-26T09:55:37","slug":"geneigter-visitenkartenhalter-schreibtisch","status":"publish","type":"product","link":"https:\/\/cdiffprom.ch\/de\/produit\/geneigter-visitenkartenhalter-schreibtisch\/","title":{"rendered":"Geneigter Visitenkartenhalter Schreibtisch"},"content":{"rendered":"<h3><span style=\"color: #800000;\"><strong>Geneigter Visitenkartenhalter Schreibtisch<\/strong><\/span><\/h3>\n<p>Mit diesem geneigten Visitenkartenhalter f\u00fcr den Schreibtisch k\u00f6nnen Sie Ihre Kunden oder Mitarbeiter leicht \u00fcber verschiedene Informationen oder Aktionen des Tages informieren.<\/p>\n<p>Dieses Bild eignet sich f\u00fcr viele Bereiche, z.B. :<\/p>\n<ul>\n<li>in einer Vitrine<\/li>\n<li>verschiedene Empfangs- oder B\u00fcrotheken: Name der Person, Datum der Sitzung<\/li>\n<li>Autowerkst\u00e4tten: Informieren Sie Ihre Besucher \u00fcber die \u00d6ffnungszeiten<\/li>\n<li>Reiseb\u00fcros: die Sonderangebote des Monats<\/li>\n<li>Restaurants: Tagesmen\u00fc<\/li>\n<li>Institute: Angebot von Schlankheitsprogrammen, Produktangebot<\/li>\n<\/ul>\n<h4><strong><span style=\"color: #800000;\">Merkmale :<br \/>\n<\/span><\/strong><\/h4>\n<ul>\n<li>geneigter Visitenkartenhalter<\/li>\n<li>geeignet f\u00fcr 1 Blatt<\/li>\n<li>gro\u00dfe Auswahl an Modellen<\/li>\n<li>Portr\u00e4t und Landschaft<\/li>\n<li>starrer Kunststoff, transparentes Plexiglas, 1,5 mm dick<\/li>\n<\/ul>\n<p><span style=\"color: #800000;\"><strong>Lieferbedingungen :<br \/>\n<\/strong><\/span><\/p>\n<p>Alle unsere Produkte sind innerhalb von 10 Tagen nach Eingang Ihrer Bestellung lieferbar. Bitte z\u00f6gern Sie nicht, uns zu kontaktieren. <u><a href=\"https:\/\/cdiffprom.ch\/elements\/contactez-nous\/\"><span style=\"color: #800000;\">uns zu kontaktieren.<\/span><\/a><\/u> Wenn Sie einen dringenderen Bedarf haben, k\u00f6nnen wir Ihnen immer eine schnellere L\u00f6sung anbieten. <\/p>\n<p>Einige Artikel k\u00f6nnen eine l\u00e4ngere Lieferzeit in Anspruch nehmen, da sie nicht auf Lager unseres Lieferanten sind. In diesem Fall werden Sie nach Eingang Ihrer Bestellung benachrichtigt. <\/p>\n<p>Wir liefern versandkostenfrei ab einem Bestellwert von CHF. 500.-. Unterhalb dieses Betrags wird eine Pauschale von CHF. 15,90 zu entrichten. <\/p>\n<p>Bei allen Online-Bestellungen f\u00fchren wir immer einen Telefonanruf durch, um sicherzustellen, dass Sie das richtige Produkt f\u00fcr Ihre Bed\u00fcrfnisse ausgew\u00e4hlt haben. So k\u00f6nnen Sie sicher sein, dass Sie die richtige Wahl treffen. <\/p>\n<p>Bitte beachten Sie, dass die Promo-Codes nicht kumulierbar sind und der Rabatt auf Ihrer Bestellung sichtbar ist.<\/p>\n","protected":false},"excerpt":{"rendered":"<p>Optimale Hervorhebung Ihrer Dokumente<\/p>\n","protected":false},"featured_media":102228,"template":"","meta":{"slim_seo":{"title":"Geneigter Visitenkartenhalter Schreibtisch - Suisse - C.Diff-Prom","description":"Optimale Hervorhebung Ihrer Dokumente"}},"product_brand":[],"product_cat":[6342,6344],"product_tag":[6582],"class_list":{"0":"post-107078","1":"product","2":"type-product","3":"status-publish","4":"has-post-thumbnail","6":"product_cat-anzeige","7":"product_cat-visitenkartenhalter-theken","8":"product_tag-visitenkartenhalter-theken","9":"pa_dimensions-1-3-a4-h-205-x-b-12-x-t-93-cm","10":"pa_dimensions-a3-297-x-42-cm-de","11":"pa_dimensions-a4-21-x-297-cm-de","12":"pa_dimensions-a5-14-8-x-21-cm-de","13":"pa_dimensions-a6-169-x-126-mm-de","14":"pa_orientation-landschaft","15":"pa_orientation-portrat","17":"first","18":"instock","19":"taxable","20":"shipping-taxable","21":"purchasable","22":"product-type-variable"},"_links":{"self":[{"href":"https:\/\/cdiffprom.ch\/de\/wp-json\/wp\/v2\/product\/107078","targetHints":{"allow":["GET"]}}],"collection":[{"href":"https:\/\/cdiffprom.ch\/de\/wp-json\/wp\/v2\/product"}],"about":[{"href":"https:\/\/cdiffprom.ch\/de\/wp-json\/wp\/v2\/types\/product"}],"wp:featuredmedia":[{"embeddable":true,"href":"https:\/\/cdiffprom.ch\/de\/wp-json\/wp\/v2\/media\/102228"}],"wp:attachment":[{"href":"https:\/\/cdiffprom.ch\/de\/wp-json\/wp\/v2\/media?parent=107078"}],"wp:term":[{"taxonomy":"product_brand","embeddable":true,"href":"https:\/\/cdiffprom.ch\/de\/wp-json\/wp\/v2\/product_brand?post=107078"},{"taxonomy":"product_cat","embeddable":true,"href":"https:\/\/cdiffprom.ch\/de\/wp-json\/wp\/v2\/product_cat?post=107078"},{"taxonomy":"product_tag","embeddable":true,"href":"https:\/\/cdiffprom.ch\/de\/wp-json\/wp\/v2\/product_tag?post=107078"}],"curies":[{"name":"wp","href":"https:\/\/api.w.org\/{rel}","templated":true}]}}