{"id":107095,"date":"2019-07-26T11:55:37","date_gmt":"2019-07-26T09:55:37","guid":{"rendered":"https:\/\/cdiffprom.ch\/produit\/schraeger-visitenkartenhalter-a4-mit-broschueren\/"},"modified":"2019-07-26T11:55:37","modified_gmt":"2019-07-26T09:55:37","slug":"schraeger-visitenkartenhalter-a4-mit-broschueren","status":"publish","type":"product","link":"https:\/\/cdiffprom.ch\/de\/produit\/schraeger-visitenkartenhalter-a4-mit-broschueren\/","title":{"rendered":"Schr\u00e4ger Visitenkartenhalter a4 mit Brosch\u00fcren"},"content":{"rendered":"<h3><span style=\"color: #800000;\"><strong>Geneigter A4 Visitenkartenhalter mit Brosch\u00fcren :<\/strong><\/span><\/h3>\n<p>Mit diesem geneigten A4 Visitenkartenst\u00e4nder mit Brosch\u00fcren haben Sie die M\u00f6glichkeit<\/p>\n<ul>\n<li>Informationen oder Angebote hervorzuheben<\/li>\n<li>sowie Brosch\u00fcren im Format 1\/3 A4 (nutzbare Breite 108 mm) anzubieten.<\/li>\n<\/ul>\n<p>f\u00fcr Ihre Kunden.<\/p>\n<p>Die Verwendung auf einer Theke eignet sich f\u00fcr eine Vielzahl von Bereichen:<\/p>\n<ul>\n<li>Restaurants: Tages- oder Wochenmen\u00fcs, Spezialit\u00e4ten<\/li>\n<li>Reiseb\u00fcros: Sonderangebote<\/li>\n<li>Institute: Aktionen f\u00fcr ein Produkt, Pflegevorschl\u00e4ge<\/li>\n<\/ul>\n<h4><span style=\"color: #800000;\"><strong>Merkmale :<\/strong><\/span><\/h4>\n<ul>\n<li>f\u00fcr A4-Bilder (H297 x B210mm)<\/li>\n<li>2 Modelle verf\u00fcgbar, Hoch- oder Querformat<\/li>\n<li>Monoblock Plexiglas<\/li>\n<\/ul>\n<p><span style=\"color: #800000;\"><strong>Lieferbedingungen :<br \/>\n<\/strong><\/span><\/p>\n<p>Alle unsere Produkte sind innerhalb von 10 Tagen nach Eingang Ihrer Bestellung lieferbar. Bitte z\u00f6gern Sie nicht, uns zu kontaktieren. <u><a href=\"https:\/\/cdiffprom.ch\/elements\/contactez-nous\/\"><span style=\"color: #800000;\">uns zu kontaktieren.<\/span><\/a><\/u> Wenn Sie einen dringenderen Bedarf haben, k\u00f6nnen wir Ihnen immer eine schnellere L\u00f6sung anbieten. <\/p>\n<p>Einige Artikel k\u00f6nnen eine l\u00e4ngere Lieferzeit in Anspruch nehmen, da sie nicht auf Lager unseres Lieferanten sind. In diesem Fall werden Sie nach Eingang Ihrer Bestellung benachrichtigt. <\/p>\n<p>Wir liefern versandkostenfrei ab einem Bestellwert von CHF. 500.-. Unterhalb dieses Betrags wird eine Pauschale von CHF. 15,90 zu entrichten. <\/p>\n<p>Bei allen Online-Bestellungen f\u00fchren wir immer einen Telefonanruf durch, um sicherzustellen, dass Sie das richtige Produkt f\u00fcr Ihre Bed\u00fcrfnisse ausgew\u00e4hlt haben. So k\u00f6nnen Sie sicher sein, dass Sie die richtige Wahl treffen. <\/p>\n<p>Bitte beachten Sie, dass die Promo-Codes nicht kumulierbar sind und der Rabatt auf Ihrer Bestellung sichtbar ist.<\/p>\n<p>&nbsp;<\/p>\n<p>&nbsp;<\/p>\n","protected":false},"excerpt":{"rendered":"<p>Geneigter A4 Visitenkartenhalter mit Brosch\u00fcren : Mit diesem geneigten A4 Visitenkartenst\u00e4nder mit Brosch\u00fcren haben Sie die M\u00f6glichkeit Informationen oder Angebote hervorzuheben sowie Brosch\u00fcren im Format 1\/3 A4 (nutzbare Breite 108 mm) anzubieten. f\u00fcr Ihre Kunden. Die Verwendung auf einer Theke eignet sich f\u00fcr eine Vielzahl von Bereichen: Restaurants: Tages- oder Wochenmen\u00fcs, Spezialit\u00e4ten Reiseb\u00fcros: Sonderangebote Institute:&#8230;<\/p>\n","protected":false},"featured_media":102226,"template":"","meta":{"slim_seo":{"title":"Schr\u00e4ger Visitenkartenhalter a4 mit Brosch\u00fcren - Suisse - C.Diff-Prom","description":"Geneigter A4 Visitenkartenhalter mit Brosch\u00fcren : Mit diesem geneigten A4 Visitenkartenst\u00e4nder mit Brosch\u00fcren haben Sie die M\u00f6glichkeit Informationen oder Angeb"}},"product_brand":[],"product_cat":[6342,6355,6345,6344],"product_tag":[6582],"class_list":{"0":"post-107095","1":"product","2":"type-product","3":"status-publish","4":"has-post-thumbnail","6":"product_cat-anzeige","7":"product_cat-konferenz","8":"product_cat-visitenkartenhalter-theken-de","9":"product_cat-visitenkartenhalter-theken","10":"product_tag-visitenkartenhalter-theken","11":"pa_orientation-landschaft","12":"pa_orientation-portrat","14":"first","15":"instock","16":"taxable","17":"shipping-taxable","18":"purchasable","19":"product-type-variable"},"_links":{"self":[{"href":"https:\/\/cdiffprom.ch\/de\/wp-json\/wp\/v2\/product\/107095","targetHints":{"allow":["GET"]}}],"collection":[{"href":"https:\/\/cdiffprom.ch\/de\/wp-json\/wp\/v2\/product"}],"about":[{"href":"https:\/\/cdiffprom.ch\/de\/wp-json\/wp\/v2\/types\/product"}],"wp:featuredmedia":[{"embeddable":true,"href":"https:\/\/cdiffprom.ch\/de\/wp-json\/wp\/v2\/media\/102226"}],"wp:attachment":[{"href":"https:\/\/cdiffprom.ch\/de\/wp-json\/wp\/v2\/media?parent=107095"}],"wp:term":[{"taxonomy":"product_brand","embeddable":true,"href":"https:\/\/cdiffprom.ch\/de\/wp-json\/wp\/v2\/product_brand?post=107095"},{"taxonomy":"product_cat","embeddable":true,"href":"https:\/\/cdiffprom.ch\/de\/wp-json\/wp\/v2\/product_cat?post=107095"},{"taxonomy":"product_tag","embeddable":true,"href":"https:\/\/cdiffprom.ch\/de\/wp-json\/wp\/v2\/product_tag?post=107095"}],"curies":[{"name":"wp","href":"https:\/\/api.w.org\/{rel}","templated":true}]}}