{"id":107096,"date":"2019-07-26T11:57:04","date_gmt":"2019-07-26T09:57:04","guid":{"rendered":"https:\/\/cdiffprom.ch\/produit\/holzstaffelei-fuer-gemaelde\/"},"modified":"2019-07-26T11:57:04","modified_gmt":"2019-07-26T09:57:04","slug":"holzstaffelei-fuer-gemaelde","status":"publish","type":"product","link":"https:\/\/cdiffprom.ch\/de\/produit\/holzstaffelei-fuer-gemaelde\/","title":{"rendered":"Holzstaffelei f\u00fcr Gem\u00e4lde"},"content":{"rendered":"<h3><span style=\"color: #800000;\"><strong>Holzstaffelei f\u00fcr Gem\u00e4lde<\/strong><\/span><\/h3>\n<p>Mit dieser h\u00f6lzernen Staffelei f\u00fcr Gem\u00e4lde haben Sie die ideale Unterst\u00fctzung, um Ihre neuen Kreationen auf Leinwand, Gem\u00e4lde oder Rahmen zu malen.<\/p>\n<p>Au\u00dferdem ist dieser St\u00e4nder besonders beliebt, um einen Schiefertafelrahmen mit Filzstiften\/Kreiden in einer Einkaufspassage zu halten.<\/p>\n<h4><span style=\"color: #800000;\"><strong>Merkmale :<\/strong><\/span><\/h4>\n<ul>\n<li>Dreibeinige Staffelei, kompakt, aus massivem Buchenholz, farblos lackiert, seidenmatt<\/li>\n<li>Breite, horizontale Ablage f\u00fcr Leinw\u00e4nde, Rahmen oder Bilder, h\u00f6henverstellbar durch eine Zahnstange, Arretierung und Fixierung durch Fl\u00fcgelschrauben.<\/li>\n<li>Einstellbare Neigung und leicht zusammenklappbar f\u00fcr den Transport<\/li>\n<li>Nur f\u00fcr den Gebrauch in Innenr\u00e4umen geeignet<\/li>\n<\/ul>\n<p>2 Modelle verf\u00fcgbar :<\/p>\n<ul>\n<li>215506: Halsbreite 57 cm, verstellbar von 28 bis 106 cm, Gesamtgr\u00f6\u00dfe 61 x 95 x 150 cm<\/li>\n<li>215507: Halsbreite 48 cm, verstellbar von 38 bis 84 cm, Gesamtgr\u00f6\u00dfe 57 x 95 x 180 cm. Dieses Modell verf\u00fcgt \u00fcber eine abnehmbare obere Zahnstangensperre. Wenn verwendet, betr\u00e4gt die maximale H\u00f6he der Paneele 108 cm.  <\/li>\n<\/ul>\n<p><span style=\"color: #800000;\"><strong>Lieferbedingungen :<br \/>\n<\/strong><\/span><\/p>\n<p>Zu Ihrer Information: Nach Eingang Ihres Auftrags sind unsere Produkte innerhalb von etwa zehn Tagen lieferbar.<\/p>\n<p>Z\u00f6gern Sie nicht <u><a href=\"https:\/\/cdiffprom.ch\/elements\/contactez-nous\/\"><span style=\"color: #800000;\"><strong>kontaktieren Sie uns bitte.<\/strong><\/span><\/a><\/u> Wenn Sie einen dringenderen Bedarf haben, haben wir immer eine schnellere L\u00f6sung f\u00fcr Sie und k\u00f6nnen Sie auch \u00fcber Rabatte bei Mengenbestellungen informieren.<\/p>\n<p>Einige Artikel k\u00f6nnen eine l\u00e4ngere Lieferzeit in Anspruch nehmen, da sie nicht auf Lager unseres Lieferanten sind. In diesem Fall werden Sie nach Eingang Ihrer Bestellung benachrichtigt. <\/p>\n<p>Wir liefern versandkostenfrei ab einem Bestellwert von CHF. 500.-. Unterhalb dieses Betrags wird eine Pauschale von CHF. 15,90 zu entrichten. <\/p>\n<p>Bei allen Online-Bestellungen f\u00fchren wir immer einen Telefonanruf durch, um sicherzustellen, dass Sie das richtige Produkt f\u00fcr Ihre Bed\u00fcrfnisse ausgew\u00e4hlt haben. So k\u00f6nnen Sie sicher sein, dass Sie die richtige Wahl treffen. <\/p>\n<p>Bitte beachten Sie, dass die Promo-Codes nicht kumulierbar sind und der Rabatt auf Ihrer Bestellung sichtbar ist.<\/p>\n","protected":false},"excerpt":{"rendered":"<p>Auf dieser Staffelei k\u00f6nnen Sie Ihre Werke ausstellen, aber auch z.B. Ihre Men\u00fcvorschl\u00e4ge auf einer Tafel. <span style=\"color: #800000;\"><strong><a style=\"color: #800000;\" href=\"https:\/\/cdiffprom.ch\/produit\/chevalet-ardoise-tableau-ardoise\/\">Schiefertafel<\/a><\/strong><\/span>.<\/p>\n<p>Schenken Sie Ihrer Anzeige eine k\u00fcnstlerische Note!<\/p>\n","protected":false},"featured_media":102242,"template":"","meta":{"slim_seo":{"title":"Holzstaffelei f\u00fcr Gem\u00e4lde - Suisse - C.Diff-Prom","description":"Auf dieser Staffelei k\u00f6nnen Sie Ihre Werke ausstellen, aber auch z.B. Ihre Men\u00fcvorschl\u00e4ge auf einer Tafel. Schiefertafel . Schenken Sie Ihrer Anzeige eine k\u00fcnst"}},"product_brand":[],"product_cat":[6342,6343],"product_tag":[6579],"class_list":{"0":"post-107096","1":"product","2":"type-product","3":"status-publish","4":"has-post-thumbnail","6":"product_cat-anzeige","7":"product_cat-staffeleien-gehwegstopper","8":"product_tag-stelzen-und-gehwegstopper","10":"first","11":"instock","12":"taxable","13":"shipping-taxable","14":"purchasable","15":"product-type-variable"},"_links":{"self":[{"href":"https:\/\/cdiffprom.ch\/de\/wp-json\/wp\/v2\/product\/107096","targetHints":{"allow":["GET"]}}],"collection":[{"href":"https:\/\/cdiffprom.ch\/de\/wp-json\/wp\/v2\/product"}],"about":[{"href":"https:\/\/cdiffprom.ch\/de\/wp-json\/wp\/v2\/types\/product"}],"wp:featuredmedia":[{"embeddable":true,"href":"https:\/\/cdiffprom.ch\/de\/wp-json\/wp\/v2\/media\/102242"}],"wp:attachment":[{"href":"https:\/\/cdiffprom.ch\/de\/wp-json\/wp\/v2\/media?parent=107096"}],"wp:term":[{"taxonomy":"product_brand","embeddable":true,"href":"https:\/\/cdiffprom.ch\/de\/wp-json\/wp\/v2\/product_brand?post=107096"},{"taxonomy":"product_cat","embeddable":true,"href":"https:\/\/cdiffprom.ch\/de\/wp-json\/wp\/v2\/product_cat?post=107096"},{"taxonomy":"product_tag","embeddable":true,"href":"https:\/\/cdiffprom.ch\/de\/wp-json\/wp\/v2\/product_tag?post=107096"}],"curies":[{"name":"wp","href":"https:\/\/api.w.org\/{rel}","templated":true}]}}