{"id":107101,"date":"2019-07-26T11:57:05","date_gmt":"2019-07-26T09:57:05","guid":{"rendered":"https:\/\/cdiffprom.ch\/produit\/doppelseitiger-beleuchteter-bordsteinstopper\/"},"modified":"2019-07-26T11:57:05","modified_gmt":"2019-07-26T09:57:05","slug":"doppelseitiger-beleuchteter-bordsteinstopper","status":"publish","type":"product","link":"https:\/\/cdiffprom.ch\/de\/produit\/doppelseitiger-beleuchteter-bordsteinstopper\/","title":{"rendered":"Doppelseitiger beleuchteter Bordsteinstopper"},"content":{"rendered":"<h3><span style=\"color: #800000;\"><strong>Doppelseitiger beleuchteter Bordsteinstopper<\/strong><\/span><\/h3>\n<p>Mit diesem doppelseitigen, beleuchteten Gehwegaufsteller bringen Sie Licht in Ihre Stra\u00dfe und in Ihre Kommunikation.<\/p>\n<p>So haben Sie eine perfekte Fernsicht und sorgen f\u00fcr eine originelle Helligkeit vor Ihrem Gesch\u00e4ft.<\/p>\n<p>Der doppelseitige beleuchtete Gehwegstopper funktioniert v\u00f6llig unabh\u00e4ngig, da die Batterie in den Sockel eingelegt ist und an einer 220-Volt-Steckdose aufgeladen werden kann.<\/p>\n<p>Es besteht die M\u00f6glichkeit, einen Zughebel auf Rollen zu erhalten, um Ihren doppelseitigen beleuchteten Stopper zum Nachf\u00fcllen leicht zu bewegen.<\/p>\n<h4><strong><span style=\"color: #800000;\">Einige technische Besonderheiten<\/span><\/strong><\/h4>\n<ul>\n<li>Rahmen aus korrosionsbest\u00e4ndigem Zamakstahl, 50 mm dick, Vorderseiten aus bruchsicherem, UV-behandeltem 2 mm Polycarbonat,<br \/>\n40 mm schwarze Umrandung<\/li>\n<li>Abmessungen, nur im Format A1 erh\u00e4ltlich Diese Gesamtabmessungen sind : H117 x B52 x T58, sichtbarer Teil: H.820 x B.570 mm<\/li>\n<li>Gewicht: Unbeschwert 35 kg &#8211; Mit Wasser- oder Sandballast, Gesamtgewicht 50 kg<\/li>\n<li>Hintere Beleuchtung mit L E D-Platten (Marke Osram\u00ae), die eine gleichm\u00e4\u00dfige Helligkeit \u00fcber die gesamte Fl\u00e4che gew\u00e4hrleisten.<\/li>\n<li>Einstellbare Beleuchtungsst\u00e4rken: 1000 Lux oder 2000 Lux, mit dem Schalter.<\/li>\n<li>Das beidseitige Display und das Batteriefach sind garantiert 100% wasserdicht gem\u00e4\u00df der europ\u00e4ischen Norm P64.<\/li>\n<li>\u00d6ffnen und Wechseln der Poster durch einen Sperrschl\u00fcssel mit 6 Schl\u00f6ssern f\u00fcr jede Seite.<\/li>\n<li>Die Poster d\u00fcrfen nicht gestohlen werden.<\/li>\n<li>Clips zur Befestigung der Poster im oberen Teil jeder Seite. Stromversorgung\/ Batterie: Die wiederaufladbare &#8222;Lithium P O4&#8220;-Batterie 25,6 Volt D C 10A befindet sich in einem abschlie\u00dfbaren Fach (Schloss mit 2 Schl\u00fcsseln) in der Basisstation und gew\u00e4hrleistet den 100%igen Betrieb des Gehweg-Stoppers. <\/li>\n<li>Abnehmbares 220-V-Ladeger\u00e4t im Lieferumfang enthalten.<\/li>\n<li>Leuchtdauer: ca. 16 Stunden im 1000 Lux-Modus und 8 Stunden im 2000 Lux-Modus.<\/li>\n<li>Anzeige f\u00fcr das Laden und Entladen der Batterie.<\/li>\n<li>Durchschnittliche Ladezeit 6 Stunden.<\/li>\n<li>Lebensdauer der Batterie: ca. 1500 Ladungen.<\/li>\n<li>Mit Wasser oder Sand beschwerbare Basis, die dank der 2 Rollen unter der Basis mobil ist.<\/li>\n<li>Sehr hohe Stabilit\u00e4t bei starken oder heftigen Winden.<\/li>\n<li>Der optionale Zughebel erleichtert das Bewegen und Man\u00f6vrieren.<\/li>\n<\/ul>\n<h4><span style=\"color: #800000;\"><strong>Lieferbedingungen<\/strong><\/span><\/h4>\n<p>Alle unsere Produkte sind innerhalb von 10 Tagen nach Eingang Ihrer Bestellung lieferbar. Bitte z\u00f6gern Sie nicht, uns zu kontaktieren.<strong><span style=\"color: #800000;\"> <a style=\"color: #800000;\" href=\"https:\/\/cdiffprom.ch\/elements\/contactez-nous\/\">uns zu kontaktieren.<\/a><\/span><\/strong> Wenn Sie einen dringenderen Bedarf haben, k\u00f6nnen wir Ihnen immer eine schnellere L\u00f6sung anbieten. <\/p>\n<p>Einige Artikel k\u00f6nnen eine l\u00e4ngere Lieferzeit in Anspruch nehmen, da sie nicht auf Lager unseres Lieferanten sind. In diesem Fall werden Sie nach Eingang Ihrer Bestellung benachrichtigt. <\/p>\n<p>Wir liefern versandkostenfrei ab einem Bestellwert von CHF. 500.-. Unterhalb dieses Betrags wird eine Pauschale von CHF. 15,90 zu entrichten. <\/p>\n<p>Bei allen Online-Bestellungen f\u00fchren wir immer einen Telefonanruf durch, um sicherzustellen, dass Sie das richtige Produkt f\u00fcr Ihre Bed\u00fcrfnisse ausgew\u00e4hlt haben. So k\u00f6nnen Sie sicher sein, dass Sie die richtige Wahl treffen. <\/p>\n","protected":false},"excerpt":{"rendered":"<p>Bringen Sie Licht in Ihre Stra\u00dfe mit diesem beleuchteten Bordsteinstopper.<\/p>\n<p>Gro\u00dfe Helligkeit und lange Lebensdauer f\u00fcr Ihre Kommunikation, die weithin sichtbar sein wird. Besuchen Sie auch unsere Seite \u00fcber <strong><span style=\"color: #800000;\"><a style=\"color: #800000;\" href=\"https:\/\/cdiffprom.ch\/produit\/totem-lumineux-doubles-faces\/\">beleuchtetes Totem<\/a><\/span><\/strong> wenn Sie \u00fcber einen gesch\u00fctzten Au\u00dfenbereich verf\u00fcgen. <\/p>\n<p><strong><span style=\"color: #800000;\"><a style=\"color: #800000;\" href=\"https:\/\/cdiffprom.ch\/elements\/contactez-nous\/\">Kontaktieren Sie uns unter<\/a><\/span><\/strong> wenn Sie Fragen haben.<\/p>\n","protected":false},"featured_media":102248,"template":"","meta":{"slim_seo":{"title":"Doppelseitiger beleuchteter Bordsteinstopper - Suisse - C.Diff-Prom","description":"Bringen Sie Licht in Ihre Stra\u00dfe mit diesem beleuchteten Bordsteinstopper. Gro\u00dfe Helligkeit und lange Lebensdauer f\u00fcr Ihre Kommunikation, die weithin sichtbar s"}},"product_brand":[],"product_cat":[6342,6343],"product_tag":[6579],"class_list":{"0":"post-107101","1":"product","2":"type-product","3":"status-publish","4":"has-post-thumbnail","6":"product_cat-anzeige","7":"product_cat-staffeleien-gehwegstopper","8":"product_tag-stelzen-und-gehwegstopper","10":"first","11":"instock","12":"taxable","13":"shipping-taxable","14":"purchasable","15":"product-type-simple"},"_links":{"self":[{"href":"https:\/\/cdiffprom.ch\/de\/wp-json\/wp\/v2\/product\/107101","targetHints":{"allow":["GET"]}}],"collection":[{"href":"https:\/\/cdiffprom.ch\/de\/wp-json\/wp\/v2\/product"}],"about":[{"href":"https:\/\/cdiffprom.ch\/de\/wp-json\/wp\/v2\/types\/product"}],"wp:featuredmedia":[{"embeddable":true,"href":"https:\/\/cdiffprom.ch\/de\/wp-json\/wp\/v2\/media\/102248"}],"wp:attachment":[{"href":"https:\/\/cdiffprom.ch\/de\/wp-json\/wp\/v2\/media?parent=107101"}],"wp:term":[{"taxonomy":"product_brand","embeddable":true,"href":"https:\/\/cdiffprom.ch\/de\/wp-json\/wp\/v2\/product_brand?post=107101"},{"taxonomy":"product_cat","embeddable":true,"href":"https:\/\/cdiffprom.ch\/de\/wp-json\/wp\/v2\/product_cat?post=107101"},{"taxonomy":"product_tag","embeddable":true,"href":"https:\/\/cdiffprom.ch\/de\/wp-json\/wp\/v2\/product_tag?post=107101"}],"curies":[{"name":"wp","href":"https:\/\/api.w.org\/{rel}","templated":true}]}}