{"id":107102,"date":"2019-07-26T11:59:03","date_gmt":"2019-07-26T09:59:03","guid":{"rendered":"https:\/\/cdiffprom.ch\/produit\/haengender-leuchtbilderrahmen\/"},"modified":"2019-07-26T11:59:03","modified_gmt":"2019-07-26T09:59:03","slug":"haengender-leuchtbilderrahmen","status":"publish","type":"product","link":"https:\/\/cdiffprom.ch\/de\/produit\/haengender-leuchtbilderrahmen\/","title":{"rendered":"H\u00e4ngender Leuchtbilderrahmen"},"content":{"rendered":"<h3><span style=\"color: #800000;\"><strong>H\u00e4ngender Leuchtbilderrahmen<\/strong><\/span><\/h3>\n<p>Dieser h\u00e4ngende, beleuchtete Plakatrahmen ist ein wirksames Mittel zur Pr\u00e4sentation Ihrer verschiedenen Informationen, wie z.B. Poster oder Plakate. Die LED-Beleuchtung des gesamten Schaufensters sorgt daf\u00fcr, dass Ihre Poster in einem hochwertigen Rahmen pr\u00e4sentiert werden. <\/p>\n<p>Der Wechsel des Posters erfolgt durch Anheben des Schutzes mit Hilfe der Lasche an der Kante.<\/p>\n<p><span style=\"color: #800000;\"><strong>Merkmale :<\/strong><\/span><\/p>\n<ul>\n<li>Struktur aus nat\u00fcrlichem eloxiertem Aluminium mit mattschwarzen Oberfl\u00e4chen und Rahmenumrandungen.<\/li>\n<li>Verwendung, Aufstellung egal ob Hoch- oder Querformat<\/li>\n<li>2 Stahlseile 2 m Rahmen- und Deckenbefestigung f\u00fcr doppelseitiges Modell<\/li>\n<li>Schrauben und D\u00fcbel f\u00fcr einseitiges Modell im Lieferumfang enthalten<\/li>\n<li>Abnehmbarer magnetischer Schutz aus unzerbrechlichem Polycarbonat, 2 mm dick<\/li>\n<li>Einseitiges Modell, 13 mm dick, f\u00fcr die Wandmontage<\/li>\n<li>Doppelseitiges Modell, 19 mm dick, zum Aufh\u00e4ngen<\/li>\n<li>LED-Hintergrundbeleuchtung mit gleichm\u00e4\u00dfiger Helligkeit (2200 Lux) auf der gesamten Fl\u00e4che<\/li>\n<li>Niedriger Verbrauch, garantierte Leuchtdauer von 60.000 Stunden<\/li>\n<li>220 V Netzteil mit 12 V Adapter Netzkabel 2,50 m L\u00e4nge<\/li>\n<\/ul>\n<p><strong><span style=\"color: #800000;\">Lieferbedingungen :<br \/>\n<\/span><\/strong><\/p>\n<p>Alle unsere Produkte sind innerhalb von 10 Tagen nach Eingang Ihrer Bestellung lieferbar. Bitte z\u00f6gern Sie nicht, uns zu kontaktieren. <span style=\"color: #800000;\"><u><a style=\"color: #800000;\" href=\"https:\/\/cdiffprom.ch\/elements\/contactez-nous\/\">uns zu kontaktieren.<\/a><\/u><\/span> Wenn Sie einen dringenderen Bedarf haben, k\u00f6nnen wir Ihnen immer eine schnellere L\u00f6sung anbieten. <\/p>\n<p>Einige Artikel k\u00f6nnen eine l\u00e4ngere Lieferzeit in Anspruch nehmen, da sie nicht auf Lager unseres Lieferanten sind. In diesem Fall werden Sie nach Eingang Ihrer Bestellung benachrichtigt. <\/p>\n<p>Wir liefern versandkostenfrei ab einem Bestellwert von CHF. 500.-. Unterhalb dieses Betrags wird eine Pauschale von CHF. 15,90 zu entrichten. <\/p>\n<p>Bei allen Online-Bestellungen f\u00fchren wir immer einen Telefonanruf durch, um sicherzustellen, dass Sie das richtige Produkt f\u00fcr Ihre Bed\u00fcrfnisse ausgew\u00e4hlt haben. So k\u00f6nnen Sie sicher sein, dass Sie die richtige Wahl treffen. <\/p>\n<p>Bitte beachten Sie, dass die Promo-Codes nicht kumulierbar sind und der Rabatt auf Ihrer Bestellung sichtbar ist.<\/p>\n","protected":false},"excerpt":{"rendered":"<p>Eine neue \u00c4sthetik mit einem starken, unsichtbaren Magnetverschluss! Formate A4-A3-A2-A1-A0 &amp; 50&#215;70 &#8211; 70&#215;100 cm Einseitig oder doppelseitig. Bitte beachten Sie, dass nur der doppelseitige Rahmen aufgeh\u00e4ngt werden kann, w\u00e4hrend der einseitige Rahmen immer an der Wand befestigt wird.  <\/p>\n","protected":false},"featured_media":103810,"template":"","meta":{"slim_seo":{"title":"H\u00e4ngender Leuchtbilderrahmen - Suisse - C.Diff-Prom","description":"Eine neue \u00c4sthetik mit einem starken, unsichtbaren Magnetverschluss! Formate A4-A3-A2-A1-A0 &amp; 50x70 - 70x100 cm Einseitig oder doppelseitig. Bitte beachten"}},"product_brand":[],"product_cat":[6342,6373],"product_tag":[6574],"class_list":{"0":"post-107102","1":"product","2":"type-product","3":"status-publish","4":"has-post-thumbnail","6":"product_cat-anzeige","7":"product_cat-leuchtanzeige","8":"product_tag-led-beleuchtete-plvs","9":"pa_dimensions-70-x-100-cm-de","10":"pa_dimensions-a0-84-x-118-8-cm-de","11":"pa_dimensions-a1-594-x-84-cm-de","12":"pa_dimensions-a2-42-x-594-cm-de","13":"pa_dimensions-a3-297-x-42-cm-de","14":"pa_dimensions-a4-21-x-297-cm-de","15":"pa_dimensions-b2-70-x-50-cm-de","16":"pa_typologie-doppelte-seite","17":"pa_typologie-haengendes-double-face","18":"pa_typologie-simple-face-de","19":"pa_typologie-single-face-wand","21":"first","22":"instock","23":"taxable","24":"shipping-taxable","25":"purchasable","26":"product-type-variable"},"_links":{"self":[{"href":"https:\/\/cdiffprom.ch\/de\/wp-json\/wp\/v2\/product\/107102","targetHints":{"allow":["GET"]}}],"collection":[{"href":"https:\/\/cdiffprom.ch\/de\/wp-json\/wp\/v2\/product"}],"about":[{"href":"https:\/\/cdiffprom.ch\/de\/wp-json\/wp\/v2\/types\/product"}],"wp:featuredmedia":[{"embeddable":true,"href":"https:\/\/cdiffprom.ch\/de\/wp-json\/wp\/v2\/media\/103810"}],"wp:attachment":[{"href":"https:\/\/cdiffprom.ch\/de\/wp-json\/wp\/v2\/media?parent=107102"}],"wp:term":[{"taxonomy":"product_brand","embeddable":true,"href":"https:\/\/cdiffprom.ch\/de\/wp-json\/wp\/v2\/product_brand?post=107102"},{"taxonomy":"product_cat","embeddable":true,"href":"https:\/\/cdiffprom.ch\/de\/wp-json\/wp\/v2\/product_cat?post=107102"},{"taxonomy":"product_tag","embeddable":true,"href":"https:\/\/cdiffprom.ch\/de\/wp-json\/wp\/v2\/product_tag?post=107102"}],"curies":[{"name":"wp","href":"https:\/\/api.w.org\/{rel}","templated":true}]}}