{"id":107104,"date":"2019-07-26T11:57:05","date_gmt":"2019-07-26T09:57:05","guid":{"rendered":"https:\/\/cdiffprom.ch\/produit\/staffelei-schild-gefahrenhinweis\/"},"modified":"2019-07-26T11:57:05","modified_gmt":"2019-07-26T09:57:05","slug":"staffelei-schild-gefahrenhinweis","status":"publish","type":"product","link":"https:\/\/cdiffprom.ch\/de\/produit\/staffelei-schild-gefahrenhinweis\/","title":{"rendered":"Staffelei-Schild Gefahrenhinweis"},"content":{"rendered":"<h3><span style=\"color: #800000;\"><strong>Schild Gefahrensignalisierung :<\/strong><\/span><\/h3>\n<p>Dieses Warnschild ist ein ideales und unverzichtbares Werkzeug, um vor Rutschgefahr auf nassen B\u00f6den zu warnen!<\/p>\n<ul>\n<li>Piktogramm auf beiden Seiten des Schildes<\/li>\n<li>Platzbedarf offen: H. 56 x B. 30 x T. 37 cm<\/li>\n<li>Faltbar, gelenkig mit integriertem Tragegriff<\/li>\n<li>Steifer, gelber, unzerbrechlicher Polypropylen-Kunststoff<\/li>\n<li>Gewicht 600 g<\/li>\n<li>Abmessungen zusammengeklappt: 59 x 30 x 3 cm<\/li>\n<\/ul>\n<h4><span style=\"color: #800000;\"><strong>Lieferbedingungen :<br \/>\n<\/strong><\/span><\/h4>\n<p>Zu Ihrer Information: Nach Eingang Ihres Auftrags sind unsere Produkte innerhalb von etwa zehn Tagen lieferbar.<\/p>\n<p>Z\u00f6gern Sie nicht <u><a href=\"https:\/\/cdiffprom.ch\/elements\/contactez-nous\/\"><span style=\"color: #800000;\"><strong>uns zu kontaktieren.<\/strong><\/span><\/a><\/u> Wenn Sie einen dringenderen Bedarf haben, k\u00f6nnen wir Ihnen immer eine schnellere L\u00f6sung anbieten.<\/p>\n<p>Wir sind auch gerne bereit, Ihnen Informationen \u00fcber Mengenrabatte zu geben.<\/p>\n<p>Einige Artikel k\u00f6nnen eine l\u00e4ngere Lieferzeit in Anspruch nehmen, da sie nicht auf Lager unseres Lieferanten sind. In diesem Fall werden Sie nach Eingang Ihrer Bestellung benachrichtigt. <\/p>\n<p>Wir liefern versandkostenfrei ab einem Bestellwert von CHF. 500.-. Unterhalb dieses Betrags wird eine Pauschale von CHF. 15,90 zu entrichten. <\/p>\n<p>Bei allen Online-Bestellungen f\u00fchren wir immer einen Telefonanruf durch, um sicherzustellen, dass Sie das richtige Produkt f\u00fcr Ihre Bed\u00fcrfnisse ausgew\u00e4hlt haben. So k\u00f6nnen Sie sicher sein, dass Sie die richtige Wahl treffen. <\/p>\n<p>Bitte beachten Sie, dass die Promo-Codes nicht kumulierbar sind und der Rabatt auf Ihrer Bestellung sichtbar ist.<\/p>\n<p>&nbsp;<\/p>\n<p>&nbsp;<\/p>\n","protected":false},"excerpt":{"rendered":"<p>Vermeiden Sie die Rutschgefahr auf nassen B\u00f6den! Beschilderung auf beiden Seiten des Schildes. <\/p>\n","protected":false},"featured_media":102246,"template":"","meta":{"slim_seo":{"title":"Staffelei-Schild Gefahrenhinweis - Suisse - C.Diff-Prom","description":"Vermeiden Sie die Rutschgefahr auf nassen B\u00f6den! Beschilderung auf beiden Seiten des Schildes."}},"product_brand":[],"product_cat":[6342,6343],"product_tag":[6579],"class_list":{"0":"post-107104","1":"product","2":"type-product","3":"status-publish","4":"has-post-thumbnail","6":"product_cat-anzeige","7":"product_cat-staffeleien-gehwegstopper","8":"product_tag-stelzen-und-gehwegstopper","10":"first","11":"instock","12":"taxable","13":"shipping-taxable","14":"purchasable","15":"product-type-simple"},"_links":{"self":[{"href":"https:\/\/cdiffprom.ch\/de\/wp-json\/wp\/v2\/product\/107104","targetHints":{"allow":["GET"]}}],"collection":[{"href":"https:\/\/cdiffprom.ch\/de\/wp-json\/wp\/v2\/product"}],"about":[{"href":"https:\/\/cdiffprom.ch\/de\/wp-json\/wp\/v2\/types\/product"}],"wp:featuredmedia":[{"embeddable":true,"href":"https:\/\/cdiffprom.ch\/de\/wp-json\/wp\/v2\/media\/102246"}],"wp:attachment":[{"href":"https:\/\/cdiffprom.ch\/de\/wp-json\/wp\/v2\/media?parent=107104"}],"wp:term":[{"taxonomy":"product_brand","embeddable":true,"href":"https:\/\/cdiffprom.ch\/de\/wp-json\/wp\/v2\/product_brand?post=107104"},{"taxonomy":"product_cat","embeddable":true,"href":"https:\/\/cdiffprom.ch\/de\/wp-json\/wp\/v2\/product_cat?post=107104"},{"taxonomy":"product_tag","embeddable":true,"href":"https:\/\/cdiffprom.ch\/de\/wp-json\/wp\/v2\/product_tag?post=107104"}],"curies":[{"name":"wp","href":"https:\/\/api.w.org\/{rel}","templated":true}]}}