{"id":107115,"date":"2019-07-26T11:59:03","date_gmt":"2019-07-26T09:59:03","guid":{"rendered":"https:\/\/cdiffprom.ch\/produit\/leuchtbuchstaben-und-zahlen\/"},"modified":"2019-07-26T11:59:03","modified_gmt":"2019-07-26T09:59:03","slug":"leuchtbuchstaben-und-zahlen","status":"publish","type":"product","link":"https:\/\/cdiffprom.ch\/de\/produit\/leuchtbuchstaben-und-zahlen\/","title":{"rendered":"Leuchtbuchstaben und -zahlen"},"content":{"rendered":"<h3><span style=\"color: #800000;\"><strong>Leuchtbuchstaben und -zahlen<\/strong><\/span><\/h3>\n<p>Mit diesen Leuchtbuchstaben und -ziffern k\u00f6nnen Sie Ihre Informationen oder Mitteilungen deutlich sichtbar kommunizieren!<\/p>\n<p>Die Verwendung dieser Leuchtbuchstaben und -ziffern ist sehr praktisch f\u00fcr alle Arten von Gesch\u00e4ften\/Verkaufsstellen, Reiseb\u00fcros, Garagen und anderen Einrichtungen, z.B. f\u00fcr einmalige Veranstaltungen. Au\u00dferdem ist es sehr einfach, den Text nach Ihren W\u00fcnschen zu gestalten. <\/p>\n<h4><span style=\"color: #800000;\"><strong>Merkmale :<\/strong><\/span><\/h4>\n<ul>\n<li>Zusammenbau durch einfaches Zusammenstecken<\/li>\n<li>Rotes, steifes Kunststoffspritzgussmaterial, hellrote &#8222;LED&#8220;-Beleuchtung<\/li>\n<li>Perforation am Kopf jedes Zeichens f\u00fcr die Aufh\u00e4ngung<\/li>\n<li>Die Endanschl\u00fcsse jedes Zeichens sind aus versilbertem Messing gefertigt, um einen perfekten Kontakt und Korrosionsschutz zu gew\u00e4hrleisten.<\/li>\n<li>Maximal 20 Zeichen oder Leerzeichen k\u00f6nnen mit demselben Trafo\/Adapter fortlaufend gesetzt werden.<\/li>\n<li>Flasher-Blinkgeber&#8220; f\u00fcr schnelles oder langsames Blinken oder festes Leuchten<\/li>\n<li>Nur zur Verwendung in Innenr\u00e4umen<\/li>\n<li>Zeichenh\u00f6he: 10 cm &#8211; Dicke 14 mm &#8211; Durchschnittlicher Platzbedarf in der Breite: 10 cm pro Zeichen<\/li>\n<li>Starke Helligkeit, Lebensdauer 90.000 Stunden<\/li>\n<\/ul>\n<p><strong><span style=\"color: #800000;\">Lieferbedingungen :<br \/>\n<\/span><\/strong><\/p>\n<p>Alle unsere Produkte sind innerhalb von 10 Tagen nach Eingang Ihrer Bestellung lieferbar. Bitte z\u00f6gern Sie nicht, uns zu kontaktieren. <span style=\"color: #800000;\"><u><a style=\"color: #800000;\" href=\"https:\/\/cdiffprom.ch\/elements\/contactez-nous\/\">uns zu kontaktieren.<\/a><\/u><\/span> Wenn Sie einen dringenderen Bedarf haben, k\u00f6nnen wir Ihnen immer eine schnellere L\u00f6sung anbieten. <\/p>\n<p>Einige Artikel k\u00f6nnen eine l\u00e4ngere Lieferzeit in Anspruch nehmen, da sie nicht auf Lager unseres Lieferanten sind. In diesem Fall werden Sie nach Eingang Ihrer Bestellung benachrichtigt. <\/p>\n<p>Wir liefern versandkostenfrei ab einem Bestellwert von CHF. 500.-. Unterhalb dieses Betrags wird eine Pauschale von CHF. 15,90 zu entrichten. <\/p>\n<p>Bei allen Online-Bestellungen f\u00fchren wir immer einen Telefonanruf durch, um sicherzustellen, dass Sie das richtige Produkt f\u00fcr Ihre Bed\u00fcrfnisse ausgew\u00e4hlt haben. So k\u00f6nnen Sie sicher sein, dass Sie die richtige Wahl treffen. <\/p>\n<p>Bitte beachten Sie, dass die Promo-Codes nicht kumulierbar sind und der Rabatt auf Ihrer Bestellung sichtbar ist.<\/p>\n","protected":false},"excerpt":{"rendered":"<p>Setzen Sie Ihren Text in Sekundenschnelle selbst zusammen!<\/p>\n","protected":false},"featured_media":102258,"template":"","meta":{"slim_seo":{"title":"Leuchtbuchstaben und -zahlen - Suisse - C.Diff-Prom","description":"Setzen Sie Ihren Text in Sekundenschnelle selbst zusammen!"}},"product_brand":[],"product_cat":[6342,6373],"product_tag":[6574],"class_list":{"0":"post-107115","1":"product","2":"type-product","3":"status-publish","4":"has-post-thumbnail","6":"product_cat-anzeige","7":"product_cat-leuchtanzeige","8":"product_tag-led-beleuchtete-plvs","10":"first","11":"instock","12":"taxable","13":"shipping-taxable","14":"purchasable","15":"product-type-variable"},"_links":{"self":[{"href":"https:\/\/cdiffprom.ch\/de\/wp-json\/wp\/v2\/product\/107115","targetHints":{"allow":["GET"]}}],"collection":[{"href":"https:\/\/cdiffprom.ch\/de\/wp-json\/wp\/v2\/product"}],"about":[{"href":"https:\/\/cdiffprom.ch\/de\/wp-json\/wp\/v2\/types\/product"}],"wp:featuredmedia":[{"embeddable":true,"href":"https:\/\/cdiffprom.ch\/de\/wp-json\/wp\/v2\/media\/102258"}],"wp:attachment":[{"href":"https:\/\/cdiffprom.ch\/de\/wp-json\/wp\/v2\/media?parent=107115"}],"wp:term":[{"taxonomy":"product_brand","embeddable":true,"href":"https:\/\/cdiffprom.ch\/de\/wp-json\/wp\/v2\/product_brand?post=107115"},{"taxonomy":"product_cat","embeddable":true,"href":"https:\/\/cdiffprom.ch\/de\/wp-json\/wp\/v2\/product_cat?post=107115"},{"taxonomy":"product_tag","embeddable":true,"href":"https:\/\/cdiffprom.ch\/de\/wp-json\/wp\/v2\/product_tag?post=107115"}],"curies":[{"name":"wp","href":"https:\/\/api.w.org\/{rel}","templated":true}]}}