{"id":107121,"date":"2019-07-26T11:59:04","date_gmt":"2019-07-26T09:59:04","guid":{"rendered":"https:\/\/cdiffprom.ch\/produit\/led-wandposterhalter\/"},"modified":"2019-07-26T11:59:04","modified_gmt":"2019-07-26T09:59:04","slug":"led-wandposterhalter","status":"publish","type":"product","link":"https:\/\/cdiffprom.ch\/de\/produit\/led-wandposterhalter\/","title":{"rendered":"Led-Wandposterhalter"},"content":{"rendered":"<h3><span style=\"color: #800000;\"><strong>LED-Wandposterhalter<\/strong><\/span><\/h3>\n<p>Dieser LED-Wandhalter ist ein effektives Display f\u00fcr die Pr\u00e4sentation Ihrer verschiedenen Informationen, wie z.B. Poster und Plakate. Dank der hohen Helligkeit der LED-Beleuchtung auf der gesamten Fl\u00e4che des Posterst\u00e4nders werden Ihre Poster in einem hochwertigen Rahmen pr\u00e4sentiert. <\/p>\n<p>Der Austausch des Posters erfolgt von vorne, indem die Streben entfernt werden.<\/p>\n<p><span style=\"color: #800000;\"><strong>Merkmale :<\/strong><\/span><\/p>\n<ul>\n<li>\u00c4sthetischer Posterst\u00e4nder, der mit 4 grauen Abstandshaltern an der Wand befestigt wird.<\/li>\n<li>Randabschluss mit silbergrauer Umrandung<\/li>\n<li>Poster sind durch eine Plexiglasplatte gesch\u00fctzt und eingeschlossen.<\/li>\n<li>Lieferung mit Transformatoradapter 220\/240 V 2 m Kabel<\/li>\n<li>Wandbefestigung mit 4 Schrauben und D\u00fcbeln (im Lieferumfang enthalten)<\/li>\n<li>Geringer Verbrauch<\/li>\n<li>Garantiert langlebige Beleuchtung, ca. 60.000 Stunden<\/li>\n<li>Verwendung im Hoch- oder Querformat<\/li>\n<\/ul>\n<p><strong><span style=\"color: #800000;\">Lieferbedingungen :<br \/>\n<\/span><\/strong><\/p>\n<p>Alle unsere Produkte sind innerhalb von 10 Tagen nach Eingang Ihrer Bestellung lieferbar. Bitte z\u00f6gern Sie nicht, uns zu kontaktieren. <u><a href=\"https:\/\/cdiffprom.ch\/elements\/contactez-nous\/\"><span style=\"color: #800000;\">uns zu kontaktieren.<\/span><\/a><\/u> Wenn Sie einen dringenderen Bedarf haben, k\u00f6nnen wir Ihnen immer eine schnellere L\u00f6sung anbieten. <\/p>\n<p>Einige Artikel k\u00f6nnen eine l\u00e4ngere Lieferzeit in Anspruch nehmen, da sie nicht auf Lager unseres Lieferanten sind. In diesem Fall werden Sie nach Eingang Ihrer Bestellung benachrichtigt. <\/p>\n<p>Wir liefern versandkostenfrei ab einem Bestellwert von CHF. 500.-. Unterhalb dieses Betrags wird eine Pauschale von CHF. 15,90 zu entrichten. <\/p>\n<p>Bei allen Online-Bestellungen f\u00fchren wir immer einen Telefonanruf durch, um sicherzustellen, dass Sie das richtige Produkt f\u00fcr Ihre Bed\u00fcrfnisse ausgew\u00e4hlt haben. So k\u00f6nnen Sie sicher sein, dass Sie die richtige Wahl treffen. <\/p>\n<p>Bitte beachten Sie, dass die Promo-Codes nicht kumulierbar sind und der Rabatt auf Ihrer Bestellung sichtbar ist.<\/p>\n<p>&nbsp;<\/p>\n<p>&nbsp;<\/p>\n","protected":false},"excerpt":{"rendered":"<p>Die ideale L\u00f6sung f\u00fcr Ihre Poster und Botschaften!<\/p>\n","protected":false},"featured_media":102264,"template":"","meta":{"slim_seo":{"title":"Led-Wandposterhalter - Suisse - C.Diff-Prom","description":"Die ideale L\u00f6sung f\u00fcr Ihre Poster und Botschaften!"}},"product_brand":[],"product_cat":[6342,6373],"product_tag":[6574],"class_list":{"0":"post-107121","1":"product","2":"type-product","3":"status-publish","4":"has-post-thumbnail","6":"product_cat-anzeige","7":"product_cat-leuchtanzeige","8":"product_tag-led-beleuchtete-plvs","9":"pa_dimensions-a2-42-x-594-cm-de","10":"pa_dimensions-a3-297-x-42-cm-de","11":"pa_dimensions-a4-21-x-297-cm-de","13":"first","14":"instock","15":"taxable","16":"shipping-taxable","17":"purchasable","18":"product-type-variable"},"_links":{"self":[{"href":"https:\/\/cdiffprom.ch\/de\/wp-json\/wp\/v2\/product\/107121","targetHints":{"allow":["GET"]}}],"collection":[{"href":"https:\/\/cdiffprom.ch\/de\/wp-json\/wp\/v2\/product"}],"about":[{"href":"https:\/\/cdiffprom.ch\/de\/wp-json\/wp\/v2\/types\/product"}],"wp:featuredmedia":[{"embeddable":true,"href":"https:\/\/cdiffprom.ch\/de\/wp-json\/wp\/v2\/media\/102264"}],"wp:attachment":[{"href":"https:\/\/cdiffprom.ch\/de\/wp-json\/wp\/v2\/media?parent=107121"}],"wp:term":[{"taxonomy":"product_brand","embeddable":true,"href":"https:\/\/cdiffprom.ch\/de\/wp-json\/wp\/v2\/product_brand?post=107121"},{"taxonomy":"product_cat","embeddable":true,"href":"https:\/\/cdiffprom.ch\/de\/wp-json\/wp\/v2\/product_cat?post=107121"},{"taxonomy":"product_tag","embeddable":true,"href":"https:\/\/cdiffprom.ch\/de\/wp-json\/wp\/v2\/product_tag?post=107121"}],"curies":[{"name":"wp","href":"https:\/\/api.w.org\/{rel}","templated":true}]}}