{"id":107122,"date":"2019-07-26T11:59:03","date_gmt":"2019-07-26T09:59:03","guid":{"rendered":"https:\/\/cdiffprom.ch\/produit\/leuchtkasten-4-dimensionen\/"},"modified":"2019-07-26T11:59:03","modified_gmt":"2019-07-26T09:59:03","slug":"leuchtkasten-4-dimensionen","status":"publish","type":"product","link":"https:\/\/cdiffprom.ch\/de\/produit\/leuchtkasten-4-dimensionen\/","title":{"rendered":"Leuchtkasten 4 Dimensionen"},"content":{"rendered":"<h3><span style=\"color: #800000;\"><strong>Leuchtkasten 4 Dimensionen<\/strong><\/span><\/h3>\n<p>Bringen Sie Ihre Poster mit diesem 4-dimensionalen Leuchtkasten zur Geltung!<\/p>\n<p>Eine originelle Art, Ihren Postern ein Relief zu verleihen und Ihre Kommunikation in Perspektive zu setzen.<\/p>\n<p>Ideal f\u00fcr den Einzelhandel und die Gastronomie, da der Wechsel der Plakate extrem einfach ist und nicht abgebaut werden muss.<\/p>\n<h4><span style=\"color: #800000;\"><strong>Merkmale :<\/strong><\/span><\/h4>\n<ul>\n<li>Strukturen aus nat\u00fcrlichem eloxiertem Aluminium<\/li>\n<li>Diffuse&#8220; R\u00fcckw\u00e4nde und transparente, reflexionsarme Posterschutzvorrichtungen aus Plexiglas<\/li>\n<li>Installation im Hoch- oder Querformat<\/li>\n<li>Fixierungsblockierung, fest gehalten durch klappbare Profile nach dem Cadro-Click-Prinzip<\/li>\n<li>220 V Netzanschlusskabel, 2 m lang<\/li>\n<li>Integrierte L\u00fcftung in jedem Leuchtkasten<\/li>\n<li>Nur f\u00fcr den Innenanschluss<\/li>\n<\/ul>\n<p><span style=\"color: #800000;\"><strong>Lieferbedingungen :<br \/>\n<\/strong><\/span><\/p>\n<p>Alle unsere Produkte sind innerhalb von 10 Tagen nach Eingang Ihrer Bestellung lieferbar. Bitte z\u00f6gern Sie nicht, uns zu kontaktieren. <span style=\"color: #800000;\"><u><a style=\"color: #800000;\" href=\"https:\/\/cdiffprom.ch\/elements\/contactez-nous\/\">uns zu kontaktieren.<\/a><\/u><\/span> Wenn Sie einen dringenderen Bedarf haben, k\u00f6nnen wir Ihnen immer eine schnellere L\u00f6sung anbieten. <\/p>\n<p>Einige Artikel k\u00f6nnen eine l\u00e4ngere Lieferzeit in Anspruch nehmen, da sie nicht auf Lager unseres Lieferanten sind. In diesem Fall werden Sie nach Eingang Ihrer Bestellung benachrichtigt. <\/p>\n<p>Wir liefern versandkostenfrei ab einem Bestellwert von CHF. 500.-. Unterhalb dieses Betrags wird eine Pauschale von CHF. 15,90 zu entrichten. <\/p>\n<p>Bei allen Online-Bestellungen f\u00fchren wir immer einen Telefonanruf durch, um sicherzustellen, dass Sie das richtige Produkt f\u00fcr Ihre Bed\u00fcrfnisse ausgew\u00e4hlt haben. So k\u00f6nnen Sie sicher sein, dass Sie die richtige Wahl treffen. <\/p>\n<p>Bitte beachten Sie, dass die Promo-Codes nicht kumulierbar sind und der Rabatt auf Ihrer Bestellung sichtbar ist.<\/p>\n","protected":false},"excerpt":{"rendered":"<p>LED-Hintergrundbeleuchtungssystem<\/p>\n","protected":false},"featured_media":102254,"template":"","meta":{"slim_seo":{"title":"Leuchtkasten 4 Dimensionen - Suisse - C.Diff-Prom","description":"LED-Hintergrundbeleuchtungssystem"}},"product_brand":[],"product_cat":[6342,6373],"product_tag":[6574],"class_list":{"0":"post-107122","1":"product","2":"type-product","3":"status-publish","4":"has-post-thumbnail","6":"product_cat-anzeige","7":"product_cat-leuchtanzeige","8":"product_tag-led-beleuchtete-plvs","9":"pa_dimensions-a0-84-x-118-8-cm-de","10":"pa_dimensions-a1-594-x-84-cm-de","11":"pa_dimensions-a2-42-x-594-cm-de","12":"pa_dimensions-a3-297-x-42-cm-de","14":"first","15":"instock","16":"taxable","17":"shipping-taxable","18":"purchasable","19":"product-type-variable"},"_links":{"self":[{"href":"https:\/\/cdiffprom.ch\/de\/wp-json\/wp\/v2\/product\/107122","targetHints":{"allow":["GET"]}}],"collection":[{"href":"https:\/\/cdiffprom.ch\/de\/wp-json\/wp\/v2\/product"}],"about":[{"href":"https:\/\/cdiffprom.ch\/de\/wp-json\/wp\/v2\/types\/product"}],"wp:featuredmedia":[{"embeddable":true,"href":"https:\/\/cdiffprom.ch\/de\/wp-json\/wp\/v2\/media\/102254"}],"wp:attachment":[{"href":"https:\/\/cdiffprom.ch\/de\/wp-json\/wp\/v2\/media?parent=107122"}],"wp:term":[{"taxonomy":"product_brand","embeddable":true,"href":"https:\/\/cdiffprom.ch\/de\/wp-json\/wp\/v2\/product_brand?post=107122"},{"taxonomy":"product_cat","embeddable":true,"href":"https:\/\/cdiffprom.ch\/de\/wp-json\/wp\/v2\/product_cat?post=107122"},{"taxonomy":"product_tag","embeddable":true,"href":"https:\/\/cdiffprom.ch\/de\/wp-json\/wp\/v2\/product_tag?post=107122"}],"curies":[{"name":"wp","href":"https:\/\/api.w.org\/{rel}","templated":true}]}}