{"id":107130,"date":"2019-07-26T12:00:34","date_gmt":"2019-07-26T10:00:34","guid":{"rendered":"https:\/\/cdiffprom.ch\/produit\/totem-kakemono-tablet-etagere\/"},"modified":"2019-07-26T12:00:34","modified_gmt":"2019-07-26T10:00:34","slug":"totem-kakemono-tablet-etagere","status":"publish","type":"product","link":"https:\/\/cdiffprom.ch\/de\/produit\/totem-kakemono-tablet-etagere\/","title":{"rendered":"Totem kakemono tablet etagere"},"content":{"rendered":"<h3><span style=\"color: #800000;\"><strong>Totem Kakemono Tablett Regal<\/strong><\/span><\/h3>\n<p>Dieses Totem Kakemono ist sehr praktisch, um Ihre Informationen zu verbreiten und eignet sich f\u00fcr viele Bereiche.<\/p>\n<p>Dieses Paket enth\u00e4lt :<\/p>\n<ul>\n<li>1 Giebel<\/li>\n<li>1 Kakemonohalter 40 cm<\/li>\n<li>2 Ablagen<\/li>\n<li>1 Regal<\/li>\n<\/ul>\n<p>mit einer Pfostenh\u00f6he von 192 cm und einem Durchmesser von 7 cm bietet Ihnen viele verschiedene M\u00f6glichkeiten, Ihre Kommunikation zu organisieren.<\/p>\n<p>Dar\u00fcber hinaus k\u00f6nnen alle Elemente in jeder beliebigen H\u00f6he angebracht werden, was Ihnen viel Freiheit bei der Pr\u00e4sentation l\u00e4sst.<\/p>\n<p>Der Sockel des Totems hat einen Durchmesser von 45 cm.<\/p>\n<p>Ideale Einsatzorte f\u00fcr dieses Kit :<\/p>\n<ul>\n<li>eignet sich hervorragend f\u00fcr einen Friseursalon, um sein Logo, seinen Schnittkatalog und verschiedene Artikel, die an Kunden verkauft werden k\u00f6nnen, zu pr\u00e4sentieren.<\/li>\n<li>ein Reiseb\u00fcro f\u00fcr Werbung und Angebote von aktuellen Urlaubsaktionen an Ihre zuk\u00fcnftigen Kunden<\/li>\n<li>eine Werkstatt, um einen Sonderverkauf zu f\u00f6rdern und die neuen Modelle des Jahres durchzusehen<\/li>\n<\/ul>\n<p>Die Installation dieses Kits ist sehr schnell und die Montageanleitung wird mitgeliefert.<\/p>\n<p>Wenn Sie Fragen haben, z\u00f6gern Sie bitte nicht, uns zu kontaktieren. <span style=\"color: #800000;\"><a style=\"color: #800000;\" href=\"https:\/\/cdiffprom.ch\/elements\/contactez-nous\/\">kontaktieren Sie uns bitte.<\/a><\/span>Wir werden sicher eine L\u00f6sung f\u00fcr Ihre Bed\u00fcrfnisse finden.<\/p>\n<p>&nbsp;<\/p>\n<p>&nbsp;<\/p>\n","protected":false},"excerpt":{"rendered":"<p>Totem Kakemono Tablett Regal Dieses Totem Kakemono ist sehr praktisch, um Ihre Informationen zu verbreiten und eignet sich f\u00fcr viele Bereiche. Dieses Paket enth\u00e4lt : 1 Giebel 1 Kakemonohalter 40 cm 2 Ablagen 1 Regal mit einer Pfostenh\u00f6he von 192 cm und einem Durchmesser von 7 cm bietet Ihnen viele verschiedene M\u00f6glichkeiten, Ihre Kommunikation zu&#8230;<\/p>\n","protected":false},"featured_media":102288,"template":"","meta":{"slim_seo":{"title":"Totem kakemono tablet etagere - Suisse - C.Diff-Prom","description":"Totem Kakemono Tablett Regal Dieses Totem Kakemono ist sehr praktisch, um Ihre Informationen zu verbreiten und eignet sich f\u00fcr viele Bereiche. Dieses Paket enth"}},"product_brand":[],"product_cat":[6342,6362,6601,6340,6355,6356],"product_tag":[6585,6364],"class_list":{"0":"post-107130","1":"product","2":"type-product","3":"status-publish","4":"has-post-thumbnail","6":"product_cat-anzeige","7":"product_cat-ausstellungen","8":"product_cat-boden-nachrichtenhalter","9":"product_cat-kakemonos","10":"product_cat-konferenz","11":"product_cat-plakatstander-auf-fuss","12":"product_tag-bodenplakatstander","13":"product_tag-pos-materialien","15":"first","16":"instock","17":"taxable","18":"shipping-taxable","19":"purchasable","20":"product-type-variable"},"_links":{"self":[{"href":"https:\/\/cdiffprom.ch\/de\/wp-json\/wp\/v2\/product\/107130","targetHints":{"allow":["GET"]}}],"collection":[{"href":"https:\/\/cdiffprom.ch\/de\/wp-json\/wp\/v2\/product"}],"about":[{"href":"https:\/\/cdiffprom.ch\/de\/wp-json\/wp\/v2\/types\/product"}],"wp:featuredmedia":[{"embeddable":true,"href":"https:\/\/cdiffprom.ch\/de\/wp-json\/wp\/v2\/media\/102288"}],"wp:attachment":[{"href":"https:\/\/cdiffprom.ch\/de\/wp-json\/wp\/v2\/media?parent=107130"}],"wp:term":[{"taxonomy":"product_brand","embeddable":true,"href":"https:\/\/cdiffprom.ch\/de\/wp-json\/wp\/v2\/product_brand?post=107130"},{"taxonomy":"product_cat","embeddable":true,"href":"https:\/\/cdiffprom.ch\/de\/wp-json\/wp\/v2\/product_cat?post=107130"},{"taxonomy":"product_tag","embeddable":true,"href":"https:\/\/cdiffprom.ch\/de\/wp-json\/wp\/v2\/product_tag?post=107130"}],"curies":[{"name":"wp","href":"https:\/\/api.w.org\/{rel}","templated":true}]}}