{"id":107131,"date":"2019-07-26T11:59:03","date_gmt":"2019-07-26T09:59:03","guid":{"rendered":"https:\/\/cdiffprom.ch\/produit\/einseitiger-beleuchteter-rahmen\/"},"modified":"2019-07-26T11:59:03","modified_gmt":"2019-07-26T09:59:03","slug":"einseitiger-beleuchteter-rahmen","status":"publish","type":"product","link":"https:\/\/cdiffprom.ch\/de\/produit\/einseitiger-beleuchteter-rahmen\/","title":{"rendered":"Einseitiger beleuchteter Rahmen"},"content":{"rendered":"<h3><span style=\"color: #800000;\"><strong>Einseitiger beleuchteter Rahmen<\/strong><\/span><\/h3>\n<p>Dieser einseitige beleuchtete Rahmen ist der ideale Blickfang f\u00fcr alle Ihre Informationen, wie z.B. Poster oder Plakate. Ihr Schaufenster ist f\u00fcr die \u00d6ffentlichkeit schon von weitem sichtbar. <\/p>\n<h4><span style=\"color: #800000;\"><strong>Merkmale :<\/strong><\/span><\/h4>\n<ul>\n<li>LED-Hintergrundbeleuchtung f\u00fcr gleichm\u00e4\u00dfige Helligkeit auf der gesamten Fl\u00e4che<\/li>\n<li>Beleuchtungsst\u00e4rke 2200 Lux<\/li>\n<li>Niedriger Verbrauch, garantierte lange Lebensdauer (60.000 Stunden).<\/li>\n<li>Aluminiumrahmen mit 25 mm Profil, naturfarben eloxiert, Gesamtst\u00e4rke 18 mm, Gesichts\u00f6ffnung, entspiegelter Plexiglasschutz<\/li>\n<li>Platzierung Ihrer Poster und Grafiken durch \u00d6ffnung der 4 Profile an der Vorderseite<\/li>\n<li>Wand- oder H\u00e4ngebefestigung mit unsichtbaren Haken<\/li>\n<li>Installation im Hoch- oder Querformat<\/li>\n<li>12-V-Adapter 2,50 m Anschlusskabel an 220-V-Netz im Lieferumfang enthalten<\/li>\n<li>Nur zur Verwendung in Innenr\u00e4umen<\/li>\n<\/ul>\n<p><span style=\"color: #800000;\"><strong>Lieferbedingungen :<br \/>\n<\/strong><\/span><\/p>\n<p>Alle unsere Produkte sind innerhalb von 10 Tagen nach Eingang Ihrer Bestellung lieferbar. Bitte z\u00f6gern Sie nicht, uns zu kontaktieren. <span style=\"color: #800000;\"><u><a style=\"color: #800000;\" href=\"https:\/\/cdiffprom.ch\/elements\/contactez-nous\/\">uns zu kontaktieren.<\/a><\/u><\/span> Wenn Sie einen dringenderen Bedarf haben, k\u00f6nnen wir Ihnen immer eine schnellere L\u00f6sung anbieten. <\/p>\n<p>Einige Artikel k\u00f6nnen eine l\u00e4ngere Lieferzeit in Anspruch nehmen, da sie nicht auf Lager unseres Lieferanten sind. In diesem Fall werden Sie nach Eingang Ihrer Bestellung benachrichtigt. <\/p>\n<p>Wir liefern versandkostenfrei ab einem Bestellwert von CHF. 500.-. Unterhalb dieses Betrags wird eine Pauschale von CHF. 15,90 zu entrichten. <\/p>\n<p>Bei allen Online-Bestellungen f\u00fchren wir immer einen Telefonanruf durch, um sicherzustellen, dass Sie das richtige Produkt f\u00fcr Ihre Bed\u00fcrfnisse ausgew\u00e4hlt haben. So k\u00f6nnen Sie sicher sein, dass Sie die richtige Wahl treffen. <\/p>\n<p>Bitte beachten Sie, dass die Promo-Codes nicht kumulierbar sind und der Rabatt auf Ihrer Bestellung sichtbar ist.<\/p>\n","protected":false},"excerpt":{"rendered":"<p>F\u00fcr eine leuchtende Kommunikation!<\/p>\n","protected":false},"featured_media":101690,"template":"","meta":{"slim_seo":{"title":"Einseitiger beleuchteter Rahmen - Suisse - C.Diff-Prom","description":"F\u00fcr eine leuchtende Kommunikation!"}},"product_brand":[],"product_cat":[6342,6373],"product_tag":[6574],"class_list":{"0":"post-107131","1":"product","2":"type-product","3":"status-publish","4":"has-post-thumbnail","6":"product_cat-anzeige","7":"product_cat-leuchtanzeige","8":"product_tag-led-beleuchtete-plvs","9":"pa_dimensions-50-x-70cm-de","10":"pa_dimensions-60-x-80-cm-de","11":"pa_dimensions-70-x-100-cm-de","12":"pa_dimensions-a0-84-x-118-8-cm-de","13":"pa_dimensions-a1-594-x-84-cm-de","14":"pa_dimensions-a2-42-x-594-cm-de","15":"pa_dimensions-a3-297-x-42-cm-de","16":"pa_dimensions-a4-21-x-297-cm-de","18":"first","19":"instock","20":"taxable","21":"shipping-taxable","22":"purchasable","23":"product-type-variable"},"_links":{"self":[{"href":"https:\/\/cdiffprom.ch\/de\/wp-json\/wp\/v2\/product\/107131","targetHints":{"allow":["GET"]}}],"collection":[{"href":"https:\/\/cdiffprom.ch\/de\/wp-json\/wp\/v2\/product"}],"about":[{"href":"https:\/\/cdiffprom.ch\/de\/wp-json\/wp\/v2\/types\/product"}],"wp:featuredmedia":[{"embeddable":true,"href":"https:\/\/cdiffprom.ch\/de\/wp-json\/wp\/v2\/media\/101690"}],"wp:attachment":[{"href":"https:\/\/cdiffprom.ch\/de\/wp-json\/wp\/v2\/media?parent=107131"}],"wp:term":[{"taxonomy":"product_brand","embeddable":true,"href":"https:\/\/cdiffprom.ch\/de\/wp-json\/wp\/v2\/product_brand?post=107131"},{"taxonomy":"product_cat","embeddable":true,"href":"https:\/\/cdiffprom.ch\/de\/wp-json\/wp\/v2\/product_cat?post=107131"},{"taxonomy":"product_tag","embeddable":true,"href":"https:\/\/cdiffprom.ch\/de\/wp-json\/wp\/v2\/product_tag?post=107131"}],"curies":[{"name":"wp","href":"https:\/\/api.w.org\/{rel}","templated":true}]}}